{"id":2245,"date":"2024-04-05T10:17:58","date_gmt":"2024-04-05T10:17:58","guid":{"rendered":"https:\/\/mooc.reintegratewellbeing.eu\/privacy-policy\/"},"modified":"2024-08-03T18:58:05","modified_gmt":"2024-08-03T18:58:05","slug":"privacy-policy","status":"publish","type":"page","link":"https:\/\/mooc.reintegratewellbeing.eu\/sv\/privacy-policy\/","title":{"rendered":"Integritetspolicy"},"content":{"rendered":"\n<p><strong>Regulation (EU) 2016\/679<\/strong><\/p>\n\n\n\n<p>Fr\u00e5n och med den 25 maj 2018 g\u00e4ller den nya dataskyddsf\u00f6rordningen \u2013 F\u00f6rordning (EU) 2016\/679 \u2013 f\u00f6r alla EU-medborgare. Denna integritetspolicy f\u00f6r Privacy Ltd beskriver hur vi lagrar, bearbetar och skyddar din personliga information som du l\u00e4mnar till oss i samband med anv\u00e4ndningen av v\u00e5ra tj\u00e4nster. Om du har n\u00e5gra fr\u00e5gor eller kommentarer ang\u00e5ende denna policy, kan du hitta kontaktinformation i sidfoten eller skriva direkt till oss p\u00e5 <a>info@berlink.eu<\/a>. L\u00e4s denna policy noggrant innan du anv\u00e4nder v\u00e5ra tj\u00e4nster. Det \u00e4r viktigt att veta att:<\/p>\n\n\n\n<p>Om du inte samtycker till att behandla dina personuppgifter p\u00e5 det s\u00e4tt som beskrivs i policyn, v\u00e4nligen l\u00e4mna inte dessa till oss. Tillhandah\u00e5llandet av personuppgifter \u00e4r frivilligt i syfte att anv\u00e4nda eller f\u00e5 tillg\u00e5ng till v\u00e5ra plattformstj\u00e4nster. Varje v\u00e4gran att l\u00e4mna de personuppgifter som kr\u00e4vs f\u00f6r att anv\u00e4nda tj\u00e4nsterna p\u00e5 v\u00e5r plattform skulle inneb\u00e4ra en v\u00e4gran att anv\u00e4nda de relevanta tj\u00e4nsterna eller funktionerna.<\/p>\n\n\n\n<p>I vissa fall kan ditt uttryckliga samtycke till behandling av personuppgifter inte vara n\u00f6dv\u00e4ndigt om en annan r\u00e4ttslig grund \u00e4r tillg\u00e4nglig, till exempel: uppfyllelse av administrat\u00f6rens r\u00e4ttsliga skyldigheter; behovet av att fullg\u00f6ra ett avtal, etc.<\/p>\n\n\n\n<p><strong>Personuppgifter<\/strong><\/p>\n\n\n\n<p>Typer av registrerade, kategorier av behandlade uppgifter, syfte med behandlingen, lagringstid Beroende p\u00e5 hur individer anv\u00e4nder v\u00e5r plattform och de tj\u00e4nster den tillhandah\u00e5ller, faller de i de flera divisioner som listas nedan. Beroende p\u00e5 dessa behandlas de registrerades uppgifter i separata register \u00f6ver personuppgifter, d\u00e4r varje behandling kan omfatta olika kategorier av uppgifter, syften och grunder, lagringsperioder, skydds\u00e5tg\u00e4rder och annat. Samma enhet kan falla inom mer \u00e4n en av de listade divisionerna samtidigt. Till exempel \u00e4r varje k\u00f6pare ocks\u00e5 en bes\u00f6kare.<\/p>\n\n\n\n<p><strong>Bes\u00f6kare<\/strong><\/p>\n\n\n\n<ul>\n<li>En bes\u00f6kare \u00e4r varje person som laddar en webbsida, del av plattformen eller bes\u00f6ker olika sektioner och sidor i sin webbl\u00e4sare (oavsett om det sker genom att direkt ange e-postadressen i webbl\u00e4saren eller genom h\u00e4nvisning fr\u00e5n en annan webbplats eller resurs).<\/li>\n\n\n\n<li>Datakategorier som kan behandlas: Onlineidentifierare lagrade i lokala cookies p\u00e5 bes\u00f6karens enhet\/webbl\u00e4sare; Platsinformation som tillhandah\u00e5lls av bes\u00f6karen; Land\/stadsdata baserat p\u00e5 IP-adressen f\u00f6r anv\u00e4ndarenheten, en integrerad del av informationen som erh\u00e5lls fr\u00e5n varje webbplats; Information om \u00e5tg\u00e4rder som vidtagits av enheten p\u00e5 plattformen; Subjektets preferenser g\u00e4llande specifika aspekter och inst\u00e4llningar f\u00f6r plattformens funktionalitet; Information om typ av webbl\u00e4sare\/enhet som anv\u00e4nds.<\/li>\n\n\n\n<li>Behandlingsm\u00e5l: Tillhandah\u00e5lla grundl\u00e4ggande och kompletterande funktioner som \u00e4r n\u00f6dv\u00e4ndiga f\u00f6r plattformens korrekta och korrekta funktion; Plattformstrafikr\u00e4kning; Tillhandah\u00e5lla n\u00f6dv\u00e4ndiga f\u00f6ruts\u00e4ttningar f\u00f6r implementering av tj\u00e4nster p\u00e5 marknadsf\u00f6ringsplattformar.<\/li>\n\n\n\n<li>Lagringstid: Tills utg\u00e5ngen av varje cookie (upp till 1 \u00e5r fr\u00e5n och med dess registrering), mediet f\u00f6r den relevanta informationen, eller tills det raderas av subjektet i vars enhet\/webbl\u00e4sare det lagras.<\/li>\n\n\n\n<li>R\u00e4ttslig grund f\u00f6r behandling: Samtycke till cookiepolicyn.<\/li>\n<\/ul>\n\n\n\n<p><strong>Dina r\u00e4ttigheter<\/strong><\/p>\n\n\n\n<p>Om vi behandlar dina personuppgifter har du f\u00f6ljande r\u00e4ttigheter som du kan ut\u00f6va genom att skicka din ans\u00f6kan till f\u00f6retagets adress, angiven ovan, eller elektroniskt till <a>info@berlink.eu<\/a>.<\/p>\n\n\n\n<p>R\u00e4tt till tillg\u00e5ng till dina personuppgifter: Du har r\u00e4tt att f\u00e5 bekr\u00e4ftelse fr\u00e5n oss om personuppgifter om dig behandlas och, om s\u00e5 \u00e4r fallet, tillg\u00e5ng till personuppgifter och information.<\/p>\n\n\n\n<p>R\u00e4tt att r\u00e4tta personuppgifter: Om du finner att de personuppgifter vi behandlar om dig \u00e4r felaktiga har du r\u00e4tt att beg\u00e4ra att vi r\u00e4ttar dessa personuppgifter.<\/p>\n\n\n\n<p>R\u00e4tt att radera personuppgifter (r\u00e4tt att bli gl\u00f6md): Under vissa omst\u00e4ndigheter, till exempel om dina personuppgifter behandlades olagligt eller om du har \u00e5terkallat ditt samtycke (om behandlingen av personuppgifter \u00e4r baserad p\u00e5 samtycke) och det inte finns n\u00e5gon anledning att forts\u00e4tta behandlingen, har du r\u00e4tt att beg\u00e4ra att vi raderar dina personuppgifter.<\/p>\n\n\n\n<p>R\u00e4tt att begr\u00e4nsa behandlingen: Under vissa omst\u00e4ndigheter, till exempel om du har tvivel om riktigheten av dina personuppgifter eller har inv\u00e4nt mot v\u00e5rt legitima syfte att behandla dina personuppgifter, har du r\u00e4tt att beg\u00e4ra att vi begr\u00e4nsar behandlingen av dina personuppgifter tills en l\u00f6sning hittas.<\/p>\n\n\n\n<p>R\u00e4tt att inv\u00e4nda mot behandling: Under vissa omst\u00e4ndigheter, till exempel om du har tvivel om v\u00e5rt legitima intresse att behandla dina personuppgifter, har du r\u00e4tt att inv\u00e4nda mot s\u00e5dan behandling p\u00e5 grund av din specifika situation.<\/p>\n\n\n\n<p>R\u00e4tt till dataportabilitet: Om dina personuppgifter behandlas automatiskt med ditt samtycke eller f\u00f6r att fullg\u00f6ra v\u00e5rt avtalsf\u00f6rh\u00e5llande, har du r\u00e4tt att beg\u00e4ra att vi tillhandah\u00e5ller dina personuppgifter i ett maskinl\u00e4sbart format f\u00f6r \u00f6verf\u00f6ring till en annan datakontrollant.<\/p>\n\n\n\n<p>R\u00e4tt att l\u00e4mna klagom\u00e5l till tillsynsmyndigheten: Du har r\u00e4tt att l\u00e4mna klagom\u00e5l ang\u00e5ende behandlingen av dina personuppgifter av oss till den relevanta tillsynsmyndigheten \u2013 Datainspektionen, eller i domstol. I SAMTLIGA DESSA FALL KAN DU UT\u00d6VA DINA R\u00c4TTIGHETER GENOM ATT KONTAKTA OSS P\u00c5 <a>info@berlink.eu<\/a>.<\/p>\n\n\n\n<p><strong>\u00d6verl\u00e4mning av personuppgifter till tredje part<\/strong><\/p>\n\n\n\n<p>Vi l\u00e4mnar inte ut uppgifter till tredje part, f\u00f6rutom i f\u00f6ljande fall: a. Tillhandah\u00e5llandet beskrivet i f\u00f6reg\u00e5ende artikel som \u00e4r n\u00f6dv\u00e4ndigt f\u00f6r att sluta ett avtal mellan k\u00f6paren och s\u00e4ljaren b. Om vi har en r\u00e4ttslig skyldighet att avsl\u00f6ja eller dela data; c. Om vi har f\u00e5tt samtycke fr\u00e5n den ber\u00f6rda personen; d. Digitalt pseudonymiserade data f\u00f6r bes\u00f6kare, anv\u00e4ndare och abonnenter av plattformen kan automatiskt tillhandah\u00e5llas externa tj\u00e4nster av v\u00e5ra leverant\u00f6rer som \u00e4r integrerade i plattformen i syfte att r\u00e4kna v\u00e5r n\u00e4rvaro eller f\u00f6r reklam\u00e4ndam\u00e5l. Mer information om dessa externa tj\u00e4nster finns i cookiepolicyn, samt inst\u00e4llningar f\u00f6r att avst\u00e5 fr\u00e5n olika typer av tj\u00e4nster. S\u00e5dant avst\u00e5ende kan ocks\u00e5 g\u00f6ras via externa verktyg (f\u00f6r Google Analytics \u2013&nbsp;h\u00e4r; f\u00f6r Google-annonsplattformar \u2013&nbsp;h\u00e4r; f\u00f6r Facebook-annonsplattformar \u2013&nbsp;h\u00e4r; f\u00f6r andra plattformar \u2013&nbsp;h\u00e4r och&nbsp;h\u00e4r);<\/p>\n\n\n\n<p><strong>Datas\u00e4kerhet<\/strong><\/p>\n\n\n\n<p>F\u00f6r v\u00e5r del har vi vidtagit de n\u00f6dv\u00e4ndiga tekniska och organisatoriska \u00e5tg\u00e4rderna f\u00f6r att s\u00e4kerst\u00e4lla skyddet av dina personuppgifter mot obeh\u00f6rig \u00e5tkomst eller avsl\u00f6jande, oavsiktlig eller olaglig f\u00f6rst\u00f6relse eller \u00e4ndring. Informationen i elektronisk form lagras i s\u00e4kra datacenter i hela Europeiska unionen. Data\u00f6verf\u00f6ring mellan servrar och klientenhet\/webbl\u00e4sare \u00e4r krypterad med HTTPS.<\/p>\n\n\n\n<p>N\u00e4r f\u00f6retaget lagrar IP-adresser f\u00f6r registrerade, g\u00f6rs detta f\u00f6r att kunna bist\u00e5 anv\u00e4ndare i olika omst\u00e4ndigheter (till exempel: oavsiktliga k\u00f6p, k\u00f6prapporter, etc.). IP-adresser lagras i upp till 1 \u00e5r (denna period \u00e4r anpassad till beteendet hos en del av plattformens publik n\u00e4r det g\u00e4ller frekvensen av k\u00f6p och andra \u00e5tg\u00e4rder). IP-adresser l\u00e4mnas inte ut till tredje part under n\u00e5gra omst\u00e4ndigheter utom som beskrivits.<\/p>\n\n\n\n<p><strong>Cookies<\/strong><\/p>\n\n\n\n<p>Webbplatserna p\u00e5 plattformen, liksom de externa tj\u00e4nster som anv\u00e4nds av dem, tillhandah\u00e5llna av tredje part, anv\u00e4nder cookies f\u00f6r tillf\u00e4llig lagring av sm\u00e5 informationsbitar f\u00f6r att fungera korrekt och tillhandah\u00e5lla de b\u00e4sta m\u00f6jliga tj\u00e4nsterna.<\/p>\n\n\n\n<p>Lista \u00f6ver cookies: <br>\u2013 wordpress_test_cookie (varaktighet: 1 \u00e5r) <br>\u2013 wordpress_logged_in_ (varaktighet: 1 \u00e5r) <br>\u2013 wordpress_sec (varaktighet: 15 min) <br>\u2013 wp_lang (varaktighet: 1 \u00e5r)<\/p>\n\n\n\n<p>Eventuella framtida \u00e4ndringar av denna policy kommer att publiceras p\u00e5 denna sida<\/p>\n\n\n\n<p><em>Senaste \u00e4ndringen: 30 maj 2024<\/em><\/p>\n","protected":false},"excerpt":{"rendered":"<p>Regulation (EU) 2016\/679 Fr\u00e5n och med den 25 maj 2018 g\u00e4ller den nya dataskyddsf\u00f6rordningen \u2013 F\u00f6rordning (EU) 2016\/679 \u2013 f\u00f6r [&hellip;]<\/p>\n","protected":false},"author":1,"featured_media":0,"parent":0,"menu_order":0,"comment_status":"closed","ping_status":"closed","template":"","meta":{"footnotes":""},"_links":{"self":[{"href":"https:\/\/mooc.reintegratewellbeing.eu\/sv\/wp-json\/wp\/v2\/pages\/2245"}],"collection":[{"href":"https:\/\/mooc.reintegratewellbeing.eu\/sv\/wp-json\/wp\/v2\/pages"}],"about":[{"href":"https:\/\/mooc.reintegratewellbeing.eu\/sv\/wp-json\/wp\/v2\/types\/page"}],"author":[{"embeddable":true,"href":"https:\/\/mooc.reintegratewellbeing.eu\/sv\/wp-json\/wp\/v2\/users\/1"}],"replies":[{"embeddable":true,"href":"https:\/\/mooc.reintegratewellbeing.eu\/sv\/wp-json\/wp\/v2\/comments?post=2245"}],"version-history":[{"count":2,"href":"https:\/\/mooc.reintegratewellbeing.eu\/sv\/wp-json\/wp\/v2\/pages\/2245\/revisions"}],"predecessor-version":[{"id":2248,"href":"https:\/\/mooc.reintegratewellbeing.eu\/sv\/wp-json\/wp\/v2\/pages\/2245\/revisions\/2248"}],"wp:attachment":[{"href":"https:\/\/mooc.reintegratewellbeing.eu\/sv\/wp-json\/wp\/v2\/media?parent=2245"}],"curies":[{"name":"wp","href":"https:\/\/api.w.org\/{rel}","templated":true}]}}