{"id":2147,"date":"2024-04-05T10:17:58","date_gmt":"2024-04-05T10:17:58","guid":{"rendered":"https:\/\/mooc.reintegratewellbeing.eu\/privacy-policy\/"},"modified":"2024-08-03T05:43:51","modified_gmt":"2024-08-03T05:43:51","slug":"privacy-policy","status":"publish","type":"page","link":"https:\/\/mooc.reintegratewellbeing.eu\/pt-pt\/privacy-policy\/","title":{"rendered":"Pol\u00edtica de privacidade"},"content":{"rendered":"\n<p>Regulamento (UE) 2016\/679<\/p>\n\n\n\n<p>A partir de 25 de maio de 2018, o novo regulamento de prote\u00e7\u00e3o de dados \u2013 Regulamento (UE) 2016\/679 \u2013 ser\u00e1 aplic\u00e1vel a todos os cidad\u00e3os da UE. Esta Pol\u00edtica de Privacidade da Privacy Ltd descreve como armazenamos, processamos e protegemos as suas informa\u00e7\u00f5es pessoais que nos fornece em conex\u00e3o com o uso dos nossos servi\u00e7os.<\/p>\n\n\n\n<p>Se tiver alguma d\u00favida ou coment\u00e1rio sobre esta Pol\u00edtica, pode encontrar as informa\u00e7\u00f5es de contacto no rodap\u00e9 ou escrever-nos diretamente para <a>info@berlink.eu<\/a>.<\/p>\n\n\n\n<p>Por favor, leia esta Pol\u00edtica atentamente antes de usar os nossos Servi\u00e7os.<\/p>\n\n\n\n<p>\u00c9 importante saber que:<\/p>\n\n\n\n<p>Se n\u00e3o concordar com o processamento dos seus Dados Pessoais da forma descrita na Pol\u00edtica, por favor, n\u00e3o nos forne\u00e7a esses dados. A provis\u00e3o de Dados Pessoais \u00e9 volunt\u00e1ria para o uso ou acesso aos nossos Servi\u00e7os da Plataforma. Qualquer recusa em fornecer os Dados Pessoais necess\u00e1rios para usar os Servi\u00e7os na nossa plataforma implicaria uma recusa em usar os Servi\u00e7os ou Funcionalidades relevantes.<\/p>\n\n\n\n<p>Em certos casos, o seu consentimento expl\u00edcito para o processamento de Dados Pessoais pode n\u00e3o ser necess\u00e1rio se outra base legal estiver dispon\u00edvel, por exemplo: cumprimento das obriga\u00e7\u00f5es legais do Administrador; a necessidade de executar um contrato, etc.<\/p>\n\n\n\n<p><strong>Dados Pessoais<\/strong><\/p>\n\n\n\n<p><strong>Tipos de Titulares dos Dados, Categorias de dados processados, Finalidade do processamento, Prazo de armazenamento<\/strong><\/p>\n\n\n\n<p>De acordo com a forma como os indiv\u00edduos utilizam a nossa Plataforma e os servi\u00e7os que ela oferece, eles se enquadram nas v\u00e1rias divis\u00f5es listadas abaixo. Dependendo deles, os dados dos Titulares s\u00e3o processados em registros separados de dados pessoais, cada processamento dos quais pode incluir diferentes categorias de dados, finalidades e bases legais, per\u00edodos de armazenamento, salvaguardas e outros.<\/p>\n\n\n\n<p>A mesma entidade pode se enquadrar em mais de uma das divis\u00f5es listadas ao mesmo tempo. Por exemplo, todo Consumidor Comprador tamb\u00e9m \u00e9 um Visitante.<\/p>\n\n\n\n<p><strong>Visitante<\/strong><\/p>\n\n\n\n<p>\u2013 Um visitante \u00e9 qualquer pessoa que carrega uma p\u00e1gina da web, parte da Plataforma, ou visita v\u00e1rias se\u00e7\u00f5es e p\u00e1ginas no seu navegador da web (seja digitando diretamente o endere\u00e7o de e-mail no navegador ou referindo-se a outro site ou recurso). <br>\u2013 Categorias de dados que podem ser processados: Identificadores online armazenados em cookies locais no dispositivo\/navegador do visitante; Informa\u00e7\u00f5es de localiza\u00e7\u00e3o fornecidas pelo visitante; Dados de pa\u00eds\/cidade com base no endere\u00e7o IP do dispositivo do usu\u00e1rio, parte integrante das informa\u00e7\u00f5es recebidas de cada site; Informa\u00e7\u00f5es sobre a\u00e7\u00f5es realizadas pela entidade na Plataforma; Prefer\u00eancias do sujeito em rela\u00e7\u00e3o a aspectos espec\u00edficos e configura\u00e7\u00f5es de funcionalidade da plataforma; Informa\u00e7\u00f5es sobre o tipo de navegador\/dispositivo usado. <br>\u2013 Objetivos do processamento: Fornecer fun\u00e7\u00f5es b\u00e1sicas e auxiliares necess\u00e1rias para o funcionamento adequado e correto da Plataforma; Contagem de tr\u00e1fego na plataforma; Fornecimento das condi\u00e7\u00f5es necess\u00e1rias para a implementa\u00e7\u00e3o de servi\u00e7os em plataformas de marketing. <br>\u2013 Prazo de armazenamento: At\u00e9 o vencimento de cada cookie (at\u00e9 1 ano a partir do momento do seu registro), o meio das informa\u00e7\u00f5es relevantes, ou at\u00e9 ser exclu\u00eddo pelo sujeito no dispositivo\/navegador onde est\u00e1 armazenado. <br>\u2013 Base legal para processamento: Concordar com a Pol\u00edtica de Cookies.<\/p>\n\n\n\n<p><strong>Os seus direitos<\/strong><\/p>\n\n\n\n<p>Se processarmos os seus Dados Pessoais, tem os seguintes direitos que pode exercer enviando o seu pedido para o endere\u00e7o da Empresa, citado acima, ou eletronicamente \u2013 para <a>info@berlink.eu<\/a>.<\/p>\n\n\n\n<p><strong>Direito de acesso aos seus dados pessoais:<\/strong> Tem o direito de receber confirma\u00e7\u00e3o de n\u00f3s se dados pessoais sobre si est\u00e3o sendo processados e, em caso afirmativo, acesso aos dados pessoais e informa\u00e7\u00f5es.<\/p>\n\n\n\n<p><strong>Direito de retificar dados pessoais:<\/strong> Se verificar que os dados pessoais que processamos sobre si s\u00e3o imprecisos, tem o direito de solicitar que corrijamos esses dados pessoais.<\/p>\n\n\n\n<p><strong>Direito de eliminar dados pessoais (direito ao esquecimento):<\/strong> Em determinadas circunst\u00e2ncias, como se os seus dados pessoais foram processados ilegalmente ou retirou o seu consentimento (se o processamento de dados pessoais for baseado no consentimento) e n\u00e3o houver raz\u00e3o para continuar o processamento, tem o direito de solicitar a elimina\u00e7\u00e3o dos seus dados pessoais por n\u00f3s.<\/p>\n\n\n\n<p><strong>Direito de restringir o processamento:<\/strong> Em certas circunst\u00e2ncias, como se tiver d\u00favidas sobre a precis\u00e3o dos seus dados pessoais ou tiver contestado o nosso prop\u00f3sito leg\u00edtimo para processar os seus dados pessoais, tem o direito de solicitar que restrinjamos o processamento dos seus dados pessoais at\u00e9 encontrar uma solu\u00e7\u00e3o.<\/p>\n\n\n\n<p><strong>Direito de obje\u00e7\u00e3o ao processamento:<\/strong> Em certas circunst\u00e2ncias, como se tiver d\u00favidas sobre o nosso interesse leg\u00edtimo em processar os seus dados pessoais, tem o direito de se opor a tal processamento devido \u00e0 sua situa\u00e7\u00e3o espec\u00edfica.<\/p>\n\n\n\n<p><strong>Direito de transfer\u00eancia de dados:<\/strong> Se os seus dados pessoais forem processados por meios autom\u00e1ticos com o seu consentimento ou para o cumprimento da nossa rela\u00e7\u00e3o contratual, tem o direito de solicitar que forne\u00e7amos os seus dados pessoais em formato leg\u00edvel por m\u00e1quina para transfer\u00eancia para outro controlador de dados.<\/p>\n\n\n\n<p><strong>Direito de apresentar uma reclama\u00e7\u00e3o a uma autoridade de supervis\u00e3o:<\/strong> Tem o direito de apresentar uma reclama\u00e7\u00e3o relativa ao processamento dos seus dados pessoais por n\u00f3s na autoridade de supervis\u00e3o relevante \u2013 Comiss\u00e3o Nacional de Prote\u00e7\u00e3o de Dados, ou em tribunal. EM TODOS ESTES CASOS, PODE EXERCER ESTES SEUS DIREITOS CONTACTANDO-NOS EM <a>info@berlink.eu<\/a>.<\/p>\n\n\n\n<p><strong>Envio de dados pessoais a terceiros<\/strong><\/p>\n\n\n\n<p>N\u00e3o fornecemos dados a terceiros, exceto nos seguintes casos:<\/p>\n\n\n\n<p>a. O fornecimento descrito no artigo anterior que \u00e9 necess\u00e1rio para o prop\u00f3sito de concluir um contrato entre Comprador e Vendedor <br>b. Se tivermos uma obriga\u00e7\u00e3o legal de divulgar ou compartilhar dados; <br>c. Se tivermos obtido consentimento do titular dos dados em quest\u00e3o; <br>d. Dados digitalmente pseudonimizados para os Visitantes, Usu\u00e1rios e Assinantes da Plataforma podem ser fornecidos automaticamente para servi\u00e7os externos de nossos fornecedores integrados na Plataforma com a finalidade de contagem de nossa audi\u00eancia ou para fins de publicidade. <br><br>Mais informa\u00e7\u00f5es sobre esses servi\u00e7os externos podem ser encontradas na Pol\u00edtica de Cookies, bem como nas configura\u00e7\u00f5es para opt-out de diferentes tipos de servi\u00e7os. Esse opt-out tamb\u00e9m pode ser feito atrav\u00e9s de ferramentas externas (para Google Analytics \u2013 aqui; para plataformas de publicidade do Google \u2013 aqui; para plataformas de publicidade do Facebook \u2013 aqui; para outras plataformas \u2013 aqui e aqui);<\/p>\n\n\n\n<p><strong>Seguran\u00e7a dos dados<\/strong><\/p>\n\n\n\n<p>Da nossa parte, tomamos as medidas t\u00e9cnicas e organizacionais necess\u00e1rias para garantir a prote\u00e7\u00e3o dos seus Dados Pessoais contra acesso ou divulga\u00e7\u00e3o n\u00e3o autorizados, destrui\u00e7\u00e3o acidental ou ilegal ou altera\u00e7\u00e3o. As informa\u00e7\u00f5es em formato eletr\u00f4nico s\u00e3o armazenadas em centros de dados seguros em toda a Uni\u00e3o Europeia. A transfer\u00eancia de dados entre servidores e o dispositivo\/navegador do cliente \u00e9 criptografada usando HTTPS.<\/p>\n\n\n\n<p>Quando a Empresa armazena os endere\u00e7os IP dos titulares dos dados, isso \u00e9 feito para poder auxiliar adequadamente os usu\u00e1rios em v\u00e1rias circunst\u00e2ncias (por exemplo: compras n\u00e3o intencionais, relat\u00f3rios de status de compra, etc.). Os IPs s\u00e3o armazenados por at\u00e9 1 ano (este per\u00edodo \u00e9 consistente com o comportamento de parte do p\u00fablico da plataforma em termos de frequ\u00eancia de compras e outras a\u00e7\u00f5es). Os IPs n\u00e3o s\u00e3o fornecidos a terceiros sob nenhuma circunst\u00e2ncia, exceto conforme descrito.<\/p>\n\n\n\n<p><strong>Cookies<\/strong><\/p>\n\n\n\n<p>Os sites da Plataforma, bem como os servi\u00e7os externos utilizados por eles, fornecidos por terceiros, utilizam cookies para o armazenamento tempor\u00e1rio de pequenas informa\u00e7\u00f5es, a fim de funcionar corretamente e fornecer os melhores servi\u00e7os poss\u00edveis.<\/p>\n\n\n\n<p><strong>Lista de cookies:<\/strong><\/p>\n\n\n\n<p>\u2013 wordpress_test_cookie (dura\u00e7\u00e3o: 1 ano) <br>\u2013 wordpress_logged_in_ (dura\u00e7\u00e3o: 1 ano) <br>\u2013 wordpress_sec (dura\u00e7\u00e3o: 15 min) <br>\u2013 wp_lang (dura\u00e7\u00e3o: 1 ano)<\/p>\n\n\n\n<p>Quaisquer futuras altera\u00e7\u00f5es a esta Pol\u00edtica ser\u00e3o publicadas nesta p\u00e1gina<\/p>\n\n\n\n<p><em>\u00daltima altera\u00e7\u00e3o: 30 de maio de 2024<\/em><\/p>\n","protected":false},"excerpt":{"rendered":"<p>Regulamento (UE) 2016\/679 A partir de 25 de maio de 2018, o novo regulamento de prote\u00e7\u00e3o de dados \u2013 Regulamento [&hellip;]<\/p>\n","protected":false},"author":1,"featured_media":0,"parent":0,"menu_order":0,"comment_status":"closed","ping_status":"closed","template":"","meta":{"footnotes":""},"_links":{"self":[{"href":"https:\/\/mooc.reintegratewellbeing.eu\/pt-pt\/wp-json\/wp\/v2\/pages\/2147"}],"collection":[{"href":"https:\/\/mooc.reintegratewellbeing.eu\/pt-pt\/wp-json\/wp\/v2\/pages"}],"about":[{"href":"https:\/\/mooc.reintegratewellbeing.eu\/pt-pt\/wp-json\/wp\/v2\/types\/page"}],"author":[{"embeddable":true,"href":"https:\/\/mooc.reintegratewellbeing.eu\/pt-pt\/wp-json\/wp\/v2\/users\/1"}],"replies":[{"embeddable":true,"href":"https:\/\/mooc.reintegratewellbeing.eu\/pt-pt\/wp-json\/wp\/v2\/comments?post=2147"}],"version-history":[{"count":1,"href":"https:\/\/mooc.reintegratewellbeing.eu\/pt-pt\/wp-json\/wp\/v2\/pages\/2147\/revisions"}],"predecessor-version":[{"id":2149,"href":"https:\/\/mooc.reintegratewellbeing.eu\/pt-pt\/wp-json\/wp\/v2\/pages\/2147\/revisions\/2149"}],"wp:attachment":[{"href":"https:\/\/mooc.reintegratewellbeing.eu\/pt-pt\/wp-json\/wp\/v2\/media?parent=2147"}],"curies":[{"name":"wp","href":"https:\/\/api.w.org\/{rel}","templated":true}]}}