{"id":2140,"date":"2024-05-08T19:04:03","date_gmt":"2024-05-08T19:04:03","guid":{"rendered":"https:\/\/mooc.reintegratewellbeing.eu\/all-courses\/"},"modified":"2024-08-03T07:05:26","modified_gmt":"2024-08-03T07:05:26","slug":"all-courses","status":"publish","type":"page","link":"https:\/\/mooc.reintegratewellbeing.eu\/pt-pt\/all-courses\/","title":{"rendered":"Cursos"},"content":{"rendered":"\t\t<div data-elementor-type=\"wp-page\" data-elementor-id=\"2140\" class=\"elementor elementor-2140 elementor-691\" data-elementor-post-type=\"page\">\n\t\t\t\t\t\t<section class=\"elementor-section elementor-top-section elementor-element elementor-element-bf7fcea elementor-section-boxed elementor-section-height-default elementor-section-height-default\" data-id=\"bf7fcea\" data-element_type=\"section\">\n\t\t\t\t\t\t<div class=\"elementor-container elementor-column-gap-default\">\n\t\t\t\t\t<div class=\"elementor-column elementor-col-100 elementor-top-column elementor-element elementor-element-383111d\" data-id=\"383111d\" data-element_type=\"column\">\n\t\t\t<div class=\"elementor-widget-wrap elementor-element-populated\">\n\t\t\t\t\t\t<div class=\"elementor-element elementor-element-c2c89be elementor-widget elementor-widget-learnpress_list_courses\" data-id=\"c2c89be\" data-element_type=\"widget\" data-widget_type=\"learnpress_list_courses.default\">\n\t\t\t\t<div class=\"elementor-widget-container\">\n\t\t\t\t\t\t<div class=\"lp-archive-courses\">\r\n\t\t\t\t<ul class=\"learn-press-courses lp-list-courses-no-css\" data-layout=\"list\"\r\n\t\t\t\t\tdata-size=\"10\">\r\n\t\t\t\t\t<li class=\"course\"><div class=\"course-item\" data-id=\"2159\"><div class=\"course-thumbnail\"><a href=\"https:\/\/mooc.reintegratewellbeing.eu\/pt-pt\/courses\/modulo-1-compreender-o-burnout\/\"><div class=\"course-img\"><img decoding=\"async\" src=\"https:\/\/mooc.reintegratewellbeing.eu\/wp-content\/uploads\/2024\/05\/9340-500x300.jpg\" alt=\"course thumbnail\"><\/div><\/a><\/div><div class=\"course-content\"><h3 class=\"wap-course-title\"><a class=\"course-permalink\" href=\"https:\/\/mooc.reintegratewellbeing.eu\/pt-pt\/courses\/modulo-1-compreender-o-burnout\/\"><span class='course-title'>M\u00f3dulo 1: Compreender o Burnout<\/span><\/a><\/h3><div class=\"course-instructor-category\"><div><label>by<\/label> <div class=\"course-instructor\"><a href=\"https:\/\/mooc.reintegratewellbeing.eu\/mentor\/admin-2\/\"  > <span class=\"instructor-display-name\">admin<\/span><\/a><\/div><\/div><\/div><div class=\"course-wrap-meta\"><div class=\"meta-item meta-item-duration\"><span class=\"course-duration\">Lifetime<\/span><\/div><div class=\"meta-item meta-item-level\"><span class=\"course-level\">All levels<\/span><\/div><div class=\"meta-item meta-item-lesson\"><div class=\"course-count-item lp_lesson\">3 Li\u00e7\u00f5es<\/div><\/div><div class=\"meta-item meta-item-quiz\"><div class=\"course-count-item lp_quiz\">0 Question\u00e1rios<\/div><\/div><div class=\"meta-item meta-item-student\"><div class=\"course-count-student\">1 Estudante<\/div><\/div><\/div><p class=\"course-short-description\">Este m\u00f3dulo oferece uma vis\u00e3o geral completa do burnout, explorando suas causas, sintomas e estrat\u00e9gias para enfrent\u00e1-lo. O m\u00f3dulo est\u00e1 [&hellip;]<\/p><div class=\"course-info\"><span class=\"course-price\"><span class=\"course-item-price\"><span class=\"free\">Gratuito<\/span><\/span><\/span><div class=\"course-readmore\"><a href=\"https:\/\/mooc.reintegratewellbeing.eu\/pt-pt\/courses\/modulo-1-compreender-o-burnout\/\">Read more<\/a><\/div><\/div><\/div><\/div><\/li><li class=\"course\"><div class=\"course-item\" data-id=\"2190\"><div class=\"course-thumbnail\"><a href=\"https:\/\/mooc.reintegratewellbeing.eu\/pt-pt\/courses\/modulo-2-o-caminho-para-a-saude-mental-e-o-bem-estar\/\"><div class=\"course-img\"><img decoding=\"async\" src=\"https:\/\/mooc.reintegratewellbeing.eu\/wp-content\/uploads\/2024\/06\/363-500x300.jpg\" alt=\"course thumbnail\"><\/div><\/a><\/div><div class=\"course-content\"><h3 class=\"wap-course-title\"><a class=\"course-permalink\" href=\"https:\/\/mooc.reintegratewellbeing.eu\/pt-pt\/courses\/modulo-2-o-caminho-para-a-saude-mental-e-o-bem-estar\/\"><span class='course-title'>M\u00f3dulo 2: O Caminho para a Sa\u00fade Mental e o Bem-Estar<\/span><\/a><\/h3><div class=\"course-instructor-category\"><div><label>by<\/label> <div class=\"course-instructor\"><a href=\"https:\/\/mooc.reintegratewellbeing.eu\/mentor\/admin-2\/\"  > <span class=\"instructor-display-name\">admin<\/span><\/a><\/div><\/div><\/div><div class=\"course-wrap-meta\"><div class=\"meta-item meta-item-duration\"><span class=\"course-duration\">Lifetime<\/span><\/div><div class=\"meta-item meta-item-level\"><span class=\"course-level\">All levels<\/span><\/div><div class=\"meta-item meta-item-lesson\"><div class=\"course-count-item lp_lesson\">3 Li\u00e7\u00f5es<\/div><\/div><div class=\"meta-item meta-item-quiz\"><div class=\"course-count-item lp_quiz\">0 Question\u00e1rios<\/div><\/div><div class=\"meta-item meta-item-student\"><div class=\"course-count-student\">1 Estudante<\/div><\/div><\/div><p class=\"course-short-description\">Este m\u00f3dulo foi projetado para gui\u00e1-lo no caminho da recupera\u00e7\u00e3o do burnout e para reencontrar sua for\u00e7a. Est\u00e1 dividido em [&hellip;]<\/p><div class=\"course-info\"><span class=\"course-price\"><span class=\"course-item-price\"><span class=\"free\">Gratuito<\/span><\/span><\/span><div class=\"course-readmore\"><a href=\"https:\/\/mooc.reintegratewellbeing.eu\/pt-pt\/courses\/modulo-2-o-caminho-para-a-saude-mental-e-o-bem-estar\/\">Read more<\/a><\/div><\/div><\/div><\/div><\/li><li class=\"course\"><div class=\"course-item\" data-id=\"2192\"><div class=\"course-thumbnail\"><a href=\"https:\/\/mooc.reintegratewellbeing.eu\/pt-pt\/courses\/modulo-3-competencias-transversais-para-o-empoderamento\/\"><div class=\"course-img\"><img decoding=\"async\" src=\"https:\/\/mooc.reintegratewellbeing.eu\/wp-content\/uploads\/2024\/06\/2147993426-500x300.jpg\" alt=\"course thumbnail\"><\/div><\/a><\/div><div class=\"course-content\"><h3 class=\"wap-course-title\"><a class=\"course-permalink\" href=\"https:\/\/mooc.reintegratewellbeing.eu\/pt-pt\/courses\/modulo-3-competencias-transversais-para-o-empoderamento\/\"><span class='course-title'>M\u00f3dulo 3: Compet\u00eancias Transversais para o Empoderamento<\/span><\/a><\/h3><div class=\"course-instructor-category\"><div><label>by<\/label> <div class=\"course-instructor\"><a href=\"https:\/\/mooc.reintegratewellbeing.eu\/mentor\/admin-2\/\"  > <span class=\"instructor-display-name\">admin<\/span><\/a><\/div><\/div><\/div><div class=\"course-wrap-meta\"><div class=\"meta-item meta-item-duration\"><span class=\"course-duration\">Lifetime<\/span><\/div><div class=\"meta-item meta-item-level\"><span class=\"course-level\">All levels<\/span><\/div><div class=\"meta-item meta-item-lesson\"><div class=\"course-count-item lp_lesson\">3 Li\u00e7\u00f5es<\/div><\/div><div class=\"meta-item meta-item-quiz\"><div class=\"course-count-item lp_quiz\">0 Question\u00e1rios<\/div><\/div><div class=\"meta-item meta-item-student\"><div class=\"course-count-student\">2 Estudantes<\/div><\/div><\/div><p class=\"course-short-description\">Este m\u00f3dulo foi criado para acompanh\u00e1-lo no percurso de aprendizagem das compet\u00eancias transversais para o empoderamento. Voc\u00ea encontrar\u00e1 tr\u00eas sess\u00f5es [&hellip;]<\/p><div class=\"course-info\"><span class=\"course-price\"><span class=\"course-item-price\"><span class=\"free\">Gratuito<\/span><\/span><\/span><div class=\"course-readmore\"><a href=\"https:\/\/mooc.reintegratewellbeing.eu\/pt-pt\/courses\/modulo-3-competencias-transversais-para-o-empoderamento\/\">Read more<\/a><\/div><\/div><\/div><\/div><\/li><li class=\"course\"><div class=\"course-item\" data-id=\"2195\"><div class=\"course-thumbnail\"><a href=\"https:\/\/mooc.reintegratewellbeing.eu\/pt-pt\/courses\/modulo-4-a-importancia-do-bem-estar-no-trabalho\/\"><div class=\"course-img\"><img decoding=\"async\" src=\"https:\/\/mooc.reintegratewellbeing.eu\/wp-content\/uploads\/2024\/07\/15861-500x300.jpg\" alt=\"course thumbnail\"><\/div><\/a><\/div><div class=\"course-content\"><h3 class=\"wap-course-title\"><a class=\"course-permalink\" href=\"https:\/\/mooc.reintegratewellbeing.eu\/pt-pt\/courses\/modulo-4-a-importancia-do-bem-estar-no-trabalho\/\"><span class='course-title'>M\u00f3dulo 4: A Import\u00e2ncia do Bem-Estar no Trabalho<\/span><\/a><\/h3><div class=\"course-instructor-category\"><div><label>by<\/label> <div class=\"course-instructor\"><a href=\"https:\/\/mooc.reintegratewellbeing.eu\/mentor\/admin-2\/\"  > <span class=\"instructor-display-name\">admin<\/span><\/a><\/div><\/div><\/div><div class=\"course-wrap-meta\"><div class=\"meta-item meta-item-duration\"><span class=\"course-duration\">Lifetime<\/span><\/div><div class=\"meta-item meta-item-level\"><span class=\"course-level\">All levels<\/span><\/div><div class=\"meta-item meta-item-lesson\"><div class=\"course-count-item lp_lesson\">3 Li\u00e7\u00f5es<\/div><\/div><div class=\"meta-item meta-item-quiz\"><div class=\"course-count-item lp_quiz\">0 Question\u00e1rios<\/div><\/div><div class=\"meta-item meta-item-student\"><div class=\"course-count-student\">1 Estudante<\/div><\/div><\/div><p class=\"course-short-description\">Este m\u00f3dulo se concentra na import\u00e2ncia do bem-estar no trabalho, explorando as estrat\u00e9gias para promover a sa\u00fade mental e o [&hellip;]<\/p><div class=\"course-info\"><span class=\"course-price\"><span class=\"course-item-price\"><span class=\"free\">Gratuito<\/span><\/span><\/span><div class=\"course-readmore\"><a href=\"https:\/\/mooc.reintegratewellbeing.eu\/pt-pt\/courses\/modulo-4-a-importancia-do-bem-estar-no-trabalho\/\">Read more<\/a><\/div><\/div><\/div><\/div><\/li>\t\t\t\t<\/ul>\r\n\t\t\t<\/div>\r\n\t\t\t\t\t<\/div>\n\t\t\t\t<\/div>\n\t\t\t\t\t<\/div>\n\t\t<\/div>\n\t\t\t\t\t<\/div>\n\t\t<\/section>\n\t\t\t\t<\/div>\n\t\t","protected":false},"excerpt":{"rendered":"<p>adminM\u00f3dulo 1: Compreender o BurnoutLifetimeAll levels0 Lessons0 Quizzes0 Students FreeRead more adminM\u00f3dulo 2: O Caminho para a Sa\u00fade Mental e [&hellip;]<\/p>\n","protected":false},"author":2,"featured_media":0,"parent":0,"menu_order":0,"comment_status":"closed","ping_status":"closed","template":"","meta":{"footnotes":""},"_links":{"self":[{"href":"https:\/\/mooc.reintegratewellbeing.eu\/pt-pt\/wp-json\/wp\/v2\/pages\/2140"}],"collection":[{"href":"https:\/\/mooc.reintegratewellbeing.eu\/pt-pt\/wp-json\/wp\/v2\/pages"}],"about":[{"href":"https:\/\/mooc.reintegratewellbeing.eu\/pt-pt\/wp-json\/wp\/v2\/types\/page"}],"author":[{"embeddable":true,"href":"https:\/\/mooc.reintegratewellbeing.eu\/pt-pt\/wp-json\/wp\/v2\/users\/2"}],"replies":[{"embeddable":true,"href":"https:\/\/mooc.reintegratewellbeing.eu\/pt-pt\/wp-json\/wp\/v2\/comments?post=2140"}],"version-history":[{"count":7,"href":"https:\/\/mooc.reintegratewellbeing.eu\/pt-pt\/wp-json\/wp\/v2\/pages\/2140\/revisions"}],"predecessor-version":[{"id":2200,"href":"https:\/\/mooc.reintegratewellbeing.eu\/pt-pt\/wp-json\/wp\/v2\/pages\/2140\/revisions\/2200"}],"wp:attachment":[{"href":"https:\/\/mooc.reintegratewellbeing.eu\/pt-pt\/wp-json\/wp\/v2\/media?parent=2140"}],"curies":[{"name":"wp","href":"https:\/\/api.w.org\/{rel}","templated":true}]}}