{"id":1595,"date":"2024-04-05T10:17:58","date_gmt":"2024-04-05T10:17:58","guid":{"rendered":"https:\/\/mooc.reintegratewellbeing.eu\/privacy-policy\/"},"modified":"2024-07-12T05:39:41","modified_gmt":"2024-07-12T05:39:41","slug":"privacy-policy","status":"publish","type":"page","link":"https:\/\/mooc.reintegratewellbeing.eu\/it\/privacy-policy\/","title":{"rendered":"Politica sulla riservatezza"},"content":{"rendered":"\n<h3 class=\"wp-block-heading\">Regolamento (UE) 2016\/679<\/h3>\n\n\n\n<p>A partire dal 25 maggio 2018 il nuovo regolamento sulla protezione dei dati \u2013 Regolamento (UE) 2016\/679 \u2013 sar\u00e0 applicabile a tutti i cittadini dell&#8217;UE. Questa Informativa sulla privacy di Privacy Ltd descrive come memorizziamo, trattiamo e proteggiamo le vostre informazioni personali che ci fornite in relazione all&#8217;uso dei nostri servizi. Se avete domande o commenti riguardanti questa Informativa, potete trovare le informazioni di contatto nel pi\u00e8 di pagina o scriverci direttamente all&#8217;indirizzo <a href=\"mailto:info@berlink.eu\">info@berlink.eu<\/a>. Si prega di leggere attentamente questa Informativa prima di utilizzare i nostri Servizi. \u00c8 importante sapere che:<\/p>\n\n\n\n<p>Se non siete d&#8217;accordo a trattare i vostri Dati Personali nei modi descritti nell&#8217;Informativa, vi preghiamo di non fornirceli. La fornitura dei Dati Personali \u00e8 volontaria in vista dell&#8217;utilizzo o dell&#8217;accesso ai nostri Servizi della Piattaforma. Qualsiasi rifiuto di fornire i Dati Personali necessari per utilizzare i Servizi sulla nostra piattaforma significherebbe un rifiuto di utilizzare i Servizi o le Funzionalit\u00e0 pertinenti.<\/p>\n\n\n\n<p>In alcuni casi il vostro consenso esplicito al trattamento dei Dati Personali potrebbe non essere necessario se \u00e8 disponibile un&#8217;altra base giuridica, ad esempio: conformit\u00e0 agli obblighi legali dell&#8217;Amministratore; la necessit\u00e0 di eseguire un contratto ecc.<\/p>\n\n\n\n<h3 class=\"wp-block-heading\">Dati Personali<\/h3>\n\n\n\n<h4 class=\"wp-block-heading\">Tipi di Soggetti Dati<\/h4>\n\n\n\n<p>Categorie di dati trattati Scopo del trattamento Durata di conservazione<\/p>\n\n\n\n<p>In base al modo in cui gli individui utilizzano la nostra Piattaforma e i servizi che essa fornisce, essi rientrano nelle diverse divisioni elencate di seguito. A seconda di queste, i dati dei Soggetti vengono trattati in registri separati di dati personali, ciascuno dei quali pu\u00f2 includere diverse categorie di dati, scopi e basi giuridiche, periodi di conservazione, garanzie e altro. Lo stesso soggetto pu\u00f2 rientrare contemporaneamente in pi\u00f9 di una delle divisioni elencate. Ad esempio, ogni Acquirente Consumatore \u00e8 anche un Visitatore.<\/p>\n\n\n\n<p><strong>Visitatore<\/strong>: Un visitatore \u00e8 qualsiasi persona che carica una pagina web parte della Piattaforma o visita varie sezioni e pagine nel suo browser web (sia inserendo direttamente l&#8217;indirizzo email nel browser sia riferendosi a un altro sito web o risorsa).<\/p>\n\n\n\n<ul>\n<li><strong>Categorie di dati che possono essere trattati<\/strong>: Identificatori online memorizzati nei cookie locali nel dispositivo\/browser del visitatore; Informazioni sulla posizione fornite dal visitatore; Dati del paese\/citt\u00e0 basati sull&#8217;indirizzo IP del dispositivo dell&#8217;utente, parte integrante delle informazioni ricevute da ciascun sito web; Informazioni sulle azioni compiute dal soggetto nella Piattaforma; Preferenze del soggetto riguardanti aspetti specifici e impostazioni per la funzionalit\u00e0 della piattaforma; Informazioni sul tipo di browser\/dispositivo utilizzato.<\/li>\n\n\n\n<li><strong>Obiettivi del trattamento<\/strong>: Fornire funzioni di base e accessorie necessarie per il corretto funzionamento della Piattaforma; Conteggio del traffico della Piattaforma; Fornire le condizioni necessarie per l&#8217;implementazione di servizi su piattaforme di marketing.<\/li>\n\n\n\n<li><strong>Durata di conservazione<\/strong>: Fino alla scadenza di ciascun cookie (fino a 1 anno dal momento della sua registrazione) nel supporto delle informazioni pertinenti o fino alla sua eliminazione da parte del soggetto nel cui dispositivo\/browser \u00e8 memorizzato.<\/li>\n\n\n\n<li><strong>Base giuridica per il trattamento<\/strong>: Accettazione della Politica sui Cookie.<\/li>\n<\/ul>\n\n\n\n<h3 class=\"wp-block-heading\">I vostri diritti<\/h3>\n\n\n\n<p>Se trattiamo i vostri Dati Personali, avete i seguenti diritti che potete esercitare presentando la vostra richiesta all&#8217;indirizzo della Societ\u00e0 citato sopra o elettronicamente a <a>info@berlink.eu<\/a>.<\/p>\n\n\n\n<ul>\n<li><strong>Diritto di accesso ai vostri dati personali<\/strong>: Avete il diritto di ricevere conferma da parte nostra se i dati personali che vi riguardano sono trattati e, in tal caso, accedere ai dati personali e alle informazioni.<\/li>\n\n\n\n<li><strong>Diritto di rettifica dei dati personali<\/strong>: Se riscontrate che i dati personali che trattiamo per voi sono inaccurati, avete il diritto di richiederne la correzione.<\/li>\n\n\n\n<li><strong>Diritto di cancellazione dei dati personali (diritto all&#8217;oblio)<\/strong>: In determinate circostanze, come se i vostri dati personali sono stati trattati illegalmente o avete ritirato il vostro consenso (se il trattamento dei dati personali \u00e8 basato sul consenso) e non c&#8217;\u00e8 motivo di continuare il trattamento, avete il diritto di richiedere la cancellazione dei vostri dati personali da parte nostra.<\/li>\n\n\n\n<li><strong>Diritto di limitazione del trattamento<\/strong>: In determinate circostanze, come se avete dubbi sulla precisione dei vostri dati personali o avete contestato il nostro legittimo scopo per il trattamento dei vostri dati personali, avete il diritto di richiedere che limitiamo il trattamento dei vostri dati personali fino a quando non viene trovata una soluzione.<\/li>\n\n\n\n<li><strong>Diritto di opposizione al trattamento<\/strong>: In determinate circostanze, come se avete dubbi sul nostro interesse legittimo nel trattare i vostri dati personali, avete il diritto di opporvi a tale trattamento a causa della vostra situazione specifica.<\/li>\n\n\n\n<li><strong>Diritto di trasferimento dei dati<\/strong>: Se i vostri dati personali sono trattati mediante mezzi automatizzati con il vostro consenso o per lo scopo di adempiere al nostro rapporto contrattuale, avete il diritto di richiedere che vi forniamo i vostri dati personali in un formato leggibile da una macchina per il trasferimento a un altro responsabile del trattamento.<\/li>\n\n\n\n<li><strong>Diritto di presentare un reclamo a un&#8217;autorit\u00e0 di controllo<\/strong>: Avete il diritto di presentare un reclamo riguardante il trattamento dei vostri dati personali da parte nostra all&#8217;autorit\u00e0 di controllo competente \u2013 la Commissione per la Protezione dei Dati Personali o in tribunale. In tutti questi casi, potete esercitare i vostri diritti contattandoci a <a>info@berlink.eu<\/a>.<\/li>\n<\/ul>\n\n\n\n<h3 class=\"wp-block-heading\">Trasferimento dei dati a terzi<\/h3>\n\n\n\n<p>Non forniamo dati a terzi se non nei seguenti casi: a. La disposizione descritta nell&#8217;articolo precedente \u00e8 necessaria per lo scopo di concludere un contratto tra Acquirente e Venditore; b. Se abbiamo un obbligo legale di divulgare o condividere dati; c. Se abbiamo ottenuto il consenso dal soggetto dei dati interessato; d. I dati digitalmente pseudonimizzati dei Visitatori, Utenti e Abbonati della Piattaforma possono essere forniti automaticamente ai servizi esterni dei nostri fornitori integrati nella Piattaforma per lo scopo di conteggiare la nostra partecipazione o per scopi pubblicitari. Maggiori informazioni su questi servizi esterni possono essere trovate nella Politica sui Cookie e nelle impostazioni per l&#8217;opt-out di diversi tipi di servizi. Tale opt-out pu\u00f2 essere fatto anche tramite strumenti esterni (per Google Analytics \u2013 qui; per le piattaforme pubblicitarie di Google \u2013 qui; per le piattaforme pubblicitarie di Facebook \u2013 qui; per altre piattaforme \u2013 qui e qui).<\/p>\n\n\n\n<h3 class=\"wp-block-heading\">Sicurezza dei Dati<\/h3>\n\n\n\n<p>Da parte nostra, abbiamo adottato le misure tecniche e organizzative necessarie per garantire la protezione dei vostri Dati Personali contro l&#8217;accesso non autorizzato o la divulgazione, la distruzione accidentale o illegale o l&#8217;alterazione. Le informazioni in formato elettronico sono memorizzate in centri dati sicuri in tutta l&#8217;Unione Europea. Il trasferimento dei dati tra server e dispositivo\/browser del cliente \u00e8 crittografato utilizzando HTTPS.<\/p>\n\n\n\n<p>Quando la Societ\u00e0 memorizza gli indirizzi IP dei soggetti dei dati, ci\u00f2 viene fatto per poter assistere adeguatamente gli utenti in varie circostanze (ad esempio: acquisti involontari, report sullo stato degli acquisti ecc.). Gli IP vengono memorizzati fino a 1 anno (questo periodo \u00e8 coerente con il comportamento di parte del pubblico della piattaforma in termini di frequenza degli acquisti e altre azioni). Gli IP non sono forniti a terzi in nessuna circostanza, tranne come descritto.<\/p>\n\n\n\n<h3 class=\"wp-block-heading\">Cookie<\/h3>\n\n\n\n<p>I siti web della Piattaforma, cos\u00ec come i servizi esterni utilizzati da questi forniti da terze parti, utilizzano cookie per la memorizzazione temporanea di piccoli pezzi di informazioni al fine di funzionare correttamente e fornire i migliori servizi possibili.<\/p>\n\n\n\n<h3 class=\"wp-block-heading\">Elenco dei cookie:<\/h3>\n\n\n\n<ul>\n<li>wordpress_test_cookie (durata: 1 anno)<\/li>\n\n\n\n<li>wordpress_logged_in_ (durata: 1 anno)<\/li>\n\n\n\n<li>wordpress_sec (durata: 15 min)<\/li>\n\n\n\n<li>wp_lang (durata: 1 anno)<\/li>\n<\/ul>\n\n\n\n<p>Eventuali futuri cambiamenti a questa Informativa saranno pubblicati su questa pagina Ultimo cambiamento: 30 maggio 2024<\/p>\n","protected":false},"excerpt":{"rendered":"<p>Regolamento (UE) 2016\/679 A partire dal 25 maggio 2018 il nuovo regolamento sulla protezione dei dati \u2013 Regolamento (UE) 2016\/679 [&hellip;]<\/p>\n","protected":false},"author":1,"featured_media":0,"parent":0,"menu_order":0,"comment_status":"closed","ping_status":"closed","template":"","meta":{"footnotes":""},"_links":{"self":[{"href":"https:\/\/mooc.reintegratewellbeing.eu\/it\/wp-json\/wp\/v2\/pages\/1595"}],"collection":[{"href":"https:\/\/mooc.reintegratewellbeing.eu\/it\/wp-json\/wp\/v2\/pages"}],"about":[{"href":"https:\/\/mooc.reintegratewellbeing.eu\/it\/wp-json\/wp\/v2\/types\/page"}],"author":[{"embeddable":true,"href":"https:\/\/mooc.reintegratewellbeing.eu\/it\/wp-json\/wp\/v2\/users\/1"}],"replies":[{"embeddable":true,"href":"https:\/\/mooc.reintegratewellbeing.eu\/it\/wp-json\/wp\/v2\/comments?post=1595"}],"version-history":[{"count":4,"href":"https:\/\/mooc.reintegratewellbeing.eu\/it\/wp-json\/wp\/v2\/pages\/1595\/revisions"}],"predecessor-version":[{"id":1615,"href":"https:\/\/mooc.reintegratewellbeing.eu\/it\/wp-json\/wp\/v2\/pages\/1595\/revisions\/1615"}],"wp:attachment":[{"href":"https:\/\/mooc.reintegratewellbeing.eu\/it\/wp-json\/wp\/v2\/media?parent=1595"}],"curies":[{"name":"wp","href":"https:\/\/api.w.org\/{rel}","templated":true}]}}