{"id":1888,"date":"2024-04-05T10:17:58","date_gmt":"2024-04-05T10:17:58","guid":{"rendered":"https:\/\/mooc.reintegratewellbeing.eu\/privacy-policy\/"},"modified":"2024-07-29T06:00:29","modified_gmt":"2024-07-29T06:00:29","slug":"privacy-policy","status":"publish","type":"page","link":"https:\/\/mooc.reintegratewellbeing.eu\/fr\/privacy-policy\/","title":{"rendered":"Politique de confidentialit\u00e9"},"content":{"rendered":"\n<h2 class=\"wp-block-heading\">R\u00e8glement (UE) 2016\/679<\/h2>\n\n\n\n<p>\u00c0 compter du 25 mai 2018, le nouveau r\u00e8glement sur la protection des donn\u00e9es \u2013 R\u00e8glement (UE) 2016\/679 \u2013 s&rsquo;appliquera \u00e0 tous les citoyens de l&rsquo;UE. Cette Politique de confidentialit\u00e9 de Privacy Ltd d\u00e9crit comment nous stockons, traitons et prot\u00e9geons vos informations personnelles que vous nous fournissez dans le cadre de l&rsquo;utilisation de nos services. Si vous avez des questions ou des commentaires concernant cette Politique, vous pouvez trouver les coordonn\u00e9es dans le pied de page ou nous \u00e9crire directement \u00e0 <a>info@berlink.eu<\/a>. Veuillez lire attentivement cette Politique avant d&rsquo;utiliser nos Services. Il est important de savoir que :<\/p>\n\n\n\n<p>Si vous n&rsquo;acceptez pas de traiter vos donn\u00e9es personnelles de la mani\u00e8re d\u00e9crite dans la Politique, veuillez ne pas nous les fournir. La fourniture de donn\u00e9es personnelles est volontaire en vue d&rsquo;utiliser ou d&rsquo;acc\u00e9der \u00e0 nos Services de la Plateforme. Tout refus de fournir les donn\u00e9es personnelles n\u00e9cessaires \u00e0 l&rsquo;utilisation des Services de notre plateforme signifierait un refus d&rsquo;utiliser les Services ou Fonctionnalit\u00e9s pertinents.<\/p>\n\n\n\n<p>Dans certains cas, votre consentement explicite au traitement des donn\u00e9es personnelles peut ne pas \u00eatre n\u00e9cessaire si une autre base l\u00e9gale est disponible, par exemple : le respect des obligations l\u00e9gales de l&rsquo;Administrateur ; la n\u00e9cessit\u00e9 d&rsquo;ex\u00e9cuter un contrat, etc.<\/p>\n\n\n\n<p><strong>Donn\u00e9es personnelles<\/strong><\/p>\n\n\n\n<p>Types de sujets de donn\u00e9es, Cat\u00e9gories de donn\u00e9es trait\u00e9es, Finalit\u00e9 du traitement, Dur\u00e9e de conservation Selon la mani\u00e8re dont les individus utilisent notre Plateforme et les services qu&rsquo;elle fournit, ils se r\u00e9partissent dans les diff\u00e9rentes divisions list\u00e9es ci-dessous. En fonction de cela, les donn\u00e9es des Sujets sont trait\u00e9es dans des registres distincts de donn\u00e9es personnelles, chaque traitement pouvant inclure diff\u00e9rentes cat\u00e9gories de donn\u00e9es, finalit\u00e9s et bases, p\u00e9riodes de conservation, mesures de protection et autres. Une m\u00eame entit\u00e9 peut appartenir simultan\u00e9ment \u00e0 plus d&rsquo;une des divisions list\u00e9es. Par exemple, chaque Consommateur Acheteur est \u00e9galement un Visiteur.<\/p>\n\n\n\n<p><strong>Visiteur<\/strong><\/p>\n\n\n\n<ul>\n<li>Un visiteur est toute personne qui charge une page web, une partie de la Plateforme, ou visite diverses sections et pages dans son navigateur web (que ce soit en entrant directement l&rsquo;adresse e-mail dans le navigateur ou en se r\u00e9f\u00e9rant \u00e0 un autre site web ou ressource).<\/li>\n\n\n\n<li>Cat\u00e9gories de donn\u00e9es pouvant \u00eatre trait\u00e9es : Identifiants en ligne stock\u00e9s dans les cookies locaux sur le dispositif \/ navigateur du visiteur ; Informations de localisation fournies par le visiteur ; Donn\u00e9es sur le pays \/ la ville bas\u00e9es sur l&rsquo;adresse IP du dispositif de l&rsquo;utilisateur, partie int\u00e9grante des informations re\u00e7ues de chaque site web ; Informations sur les actions entreprises par l&rsquo;entit\u00e9 sur la Plateforme ; Pr\u00e9f\u00e9rences du Sujet concernant des aspects sp\u00e9cifiques et les param\u00e8tres de la fonctionnalit\u00e9 de la plateforme ; Informations sur le type de navigateur \/ dispositif utilis\u00e9.<\/li>\n\n\n\n<li>Objectifs du traitement : Fournir des fonctions de base et auxiliaires n\u00e9cessaires au bon fonctionnement de la Plateforme ; Comptes de trafic de la Plateforme ; Fournir les conditions n\u00e9cessaires \u00e0 la mise en \u0153uvre des services sur les plateformes de marketing.<\/li>\n\n\n\n<li>Dur\u00e9e de conservation : Jusqu&rsquo;\u00e0 l&rsquo;expiration de chaque cookie (jusqu&rsquo;\u00e0 1 an \u00e0 partir du moment de son enregistrement), le support des informations pertinentes, ou jusqu&rsquo;\u00e0 ce qu&rsquo;il soit supprim\u00e9 par le sujet sur le dispositif \/ navigateur dans lequel il est stock\u00e9.<\/li>\n\n\n\n<li>Base l\u00e9gale du traitement : Acceptation de la Politique de Cookies.<\/li>\n<\/ul>\n\n\n\n<p>Vos droits<\/p>\n\n\n\n<p>Si nous traitons vos donn\u00e9es personnelles, vous avez les droits suivants que vous pouvez exercer en soumettant votre demande \u00e0 l&rsquo;adresse de la Soci\u00e9t\u00e9, cit\u00e9e ci-dessus, ou \u00e9lectroniquement \u00e0 <a>info@berlink.eu<\/a>.<\/p>\n\n\n\n<p>Droit d&rsquo;acc\u00e8s \u00e0 vos donn\u00e9es personnelles : Vous avez le droit de recevoir de notre part la confirmation que des donn\u00e9es personnelles vous concernant sont trait\u00e9es et, le cas \u00e9ch\u00e9ant, l&rsquo;acc\u00e8s aux donn\u00e9es personnelles et aux informations.<\/p>\n\n\n\n<p>Droit de rectification des donn\u00e9es personnelles : Si vous trouvez que les donn\u00e9es personnelles que nous traitons vous concernant sont inexactes, vous avez le droit de demander que nous corrigions ces donn\u00e9es personnelles.<\/p>\n\n\n\n<p>Droit de suppression des donn\u00e9es personnelles (droit \u00e0 l&rsquo;oubli) : Dans certaines circonstances, comme si vos donn\u00e9es personnelles ont \u00e9t\u00e9 trait\u00e9es ill\u00e9galement ou si vous avez retir\u00e9 votre consentement (si le traitement des donn\u00e9es personnelles est bas\u00e9 sur le consentement) et qu&rsquo;il n&rsquo;y a aucune raison de continuer le traitement, vous avez le droit de demander la suppression de vos donn\u00e9es personnelles par nos soins.<\/p>\n\n\n\n<p>Droit de limiter le traitement : Dans certaines circonstances, comme si vous avez des doutes sur l&rsquo;exactitude de vos donn\u00e9es personnelles ou si vous vous \u00eates oppos\u00e9 \u00e0 notre objectif l\u00e9gitime de traitement de vos donn\u00e9es personnelles, vous avez le droit de demander que nous limitions le traitement de vos donn\u00e9es personnelles jusqu&rsquo;\u00e0 ce qu&rsquo;une solution soit trouv\u00e9e.<\/p>\n\n\n\n<p>Droit de vous opposer au traitement : Dans certaines circonstances, comme si vous avez des doutes sur notre int\u00e9r\u00eat l\u00e9gitime \u00e0 traiter vos donn\u00e9es personnelles, vous avez le droit de vous opposer \u00e0 ce traitement en raison de votre situation sp\u00e9cifique.<\/p>\n\n\n\n<p>Droit de transf\u00e9rer les donn\u00e9es : Si vos donn\u00e9es personnelles sont trait\u00e9es par des moyens automatiques avec votre consentement ou pour l&rsquo;ex\u00e9cution de notre relation contractuelle, vous avez le droit de demander que nous vous fournissions vos donn\u00e9es personnelles dans un format lisible par machine afin de les transf\u00e9rer \u00e0 un autre contr\u00f4leur de donn\u00e9es.<\/p>\n\n\n\n<p>Droit de d\u00e9poser une plainte aupr\u00e8s d&rsquo;une autorit\u00e9 de contr\u00f4le : Vous avez le droit de d\u00e9poser une plainte concernant le traitement de vos donn\u00e9es personnelles par nous aupr\u00e8s de l&rsquo;autorit\u00e9 de contr\u00f4le comp\u00e9tente \u2013 la Commission de protection des donn\u00e9es personnelles, ou devant un tribunal. DANS TOUS CES CAS, VOUS POUVEZ SOUMETTRE CES DROITS EN NOUS CONTACTANT \u00c0 <a>info@berlink.eu<\/a>.<\/p>\n\n\n\n<p>Transmission des donn\u00e9es personnelles \u00e0 des tiers<\/p>\n\n\n\n<p>Nous ne fournissons pas de donn\u00e9es \u00e0 des tiers, sauf dans les cas suivants : a. La disposition d\u00e9crite dans l&rsquo;article pr\u00e9c\u00e9dent qui est n\u00e9cessaire pour la conclusion d&rsquo;un contrat entre l&rsquo;Acheteur et le Vendeur b. Si nous avons une obligation l\u00e9gale de divulguer ou de partager des donn\u00e9es ; c. Si nous avons obtenu le consentement de la personne concern\u00e9e ; d. Les donn\u00e9es pseudonymis\u00e9es num\u00e9riquement pour les Visiteurs, Utilisateurs et Abonn\u00e9s de la Plateforme peuvent \u00eatre automatiquement fournies aux services externes de nos fournisseurs int\u00e9gr\u00e9s \u00e0 la Plateforme dans le but de compter notre audience ou \u00e0 des fins publicitaires. Plus d&rsquo;informations sur ces services externes peuvent \u00eatre trouv\u00e9es dans la Politique de Cookies, ainsi que des param\u00e8tres pour se d\u00e9sinscrire de diff\u00e9rents types de services. Cette d\u00e9sinscription peut \u00e9galement se faire via des outils externes (pour Google Analytics \u2013 ici ; pour les plateformes publicitaires Google \u2013 ici ; pour les plateformes publicitaires Facebook \u2013 ici ; pour d&rsquo;autres plateformes \u2013 ici et ici).<\/p>\n\n\n\n<p><strong>S\u00e9curit\u00e9 des donn\u00e9es<\/strong><\/p>\n\n\n\n<p>De notre c\u00f4t\u00e9, nous avons pris les mesures techniques et organisationnelles n\u00e9cessaires pour garantir la protection de vos donn\u00e9es personnelles contre tout acc\u00e8s ou divulgation non autoris\u00e9, toute destruction accidentelle ou ill\u00e9gale ou alt\u00e9ration. Les informations sous forme \u00e9lectronique sont stock\u00e9es dans des centres de donn\u00e9es s\u00e9curis\u00e9s \u00e0 travers l&rsquo;Union europ\u00e9enne. Le transfert de donn\u00e9es entre les serveurs et le dispositif \/ navigateur client est crypt\u00e9 en utilisant HTTPS.<\/p>\n\n\n\n<p>Lorsque la Soci\u00e9t\u00e9 stocke les adresses IP des sujets de donn\u00e9es, cela est fait pour pouvoir assister de mani\u00e8re ad\u00e9quate les utilisateurs dans diverses circonstances (par exemple : achats involontaires, rapports de statut d&rsquo;achat, etc.). Les adresses IP sont stock\u00e9es jusqu&rsquo;\u00e0 1 an (cette p\u00e9riode est conforme au comportement de certains membres de l&rsquo;audience de la plateforme en termes de fr\u00e9quence des achats et autres actions). Les adresses IP ne sont en aucun cas fournies \u00e0 des tiers sauf dans les cas d\u00e9crits.<\/p>\n\n\n\n<p><strong>Cookies<\/strong><\/p>\n\n\n\n<p>Les sites web de la Plateforme, ainsi que les services externes qu&rsquo;ils utilisent, fournis par des tiers, utilisent des cookies pour le stockage temporaire de petites pi\u00e8ces d&rsquo;information, afin de fonctionner correctement et de fournir les meilleurs services possibles.<\/p>\n\n\n\n<p>Liste des cookies : \u2013 wordpress_test_cookie (dur\u00e9e : 1 an) \u2013 wordpress_logged_in_ (dur\u00e9e : 1 an) \u2013 wordpress_sec (dur\u00e9e : 15 min) \u2013 wp_lang (dur\u00e9e : 1 an)<\/p>\n\n\n\n<p>Toute modification future de cette Politique sera publi\u00e9e sur cette page<\/p>\n\n\n\n<p>Derni\u00e8re modification : 30 mai 2024<\/p>\n","protected":false},"excerpt":{"rendered":"<p>R\u00e8glement (UE) 2016\/679 \u00c0 compter du 25 mai 2018, le nouveau r\u00e8glement sur la protection des donn\u00e9es \u2013 R\u00e8glement (UE) [&hellip;]<\/p>\n","protected":false},"author":1,"featured_media":0,"parent":0,"menu_order":0,"comment_status":"closed","ping_status":"closed","template":"","meta":{"footnotes":""},"_links":{"self":[{"href":"https:\/\/mooc.reintegratewellbeing.eu\/fr\/wp-json\/wp\/v2\/pages\/1888"}],"collection":[{"href":"https:\/\/mooc.reintegratewellbeing.eu\/fr\/wp-json\/wp\/v2\/pages"}],"about":[{"href":"https:\/\/mooc.reintegratewellbeing.eu\/fr\/wp-json\/wp\/v2\/types\/page"}],"author":[{"embeddable":true,"href":"https:\/\/mooc.reintegratewellbeing.eu\/fr\/wp-json\/wp\/v2\/users\/1"}],"replies":[{"embeddable":true,"href":"https:\/\/mooc.reintegratewellbeing.eu\/fr\/wp-json\/wp\/v2\/comments?post=1888"}],"version-history":[{"count":1,"href":"https:\/\/mooc.reintegratewellbeing.eu\/fr\/wp-json\/wp\/v2\/pages\/1888\/revisions"}],"predecessor-version":[{"id":1890,"href":"https:\/\/mooc.reintegratewellbeing.eu\/fr\/wp-json\/wp\/v2\/pages\/1888\/revisions\/1890"}],"wp:attachment":[{"href":"https:\/\/mooc.reintegratewellbeing.eu\/fr\/wp-json\/wp\/v2\/media?parent=1888"}],"curies":[{"name":"wp","href":"https:\/\/api.w.org\/{rel}","templated":true}]}}