{"id":1804,"date":"2024-04-05T10:17:58","date_gmt":"2024-04-05T10:17:58","guid":{"rendered":"https:\/\/mooc.reintegratewellbeing.eu\/privacy-policy\/"},"modified":"2024-07-21T19:50:39","modified_gmt":"2024-07-21T19:50:39","slug":"privacy-policy","status":"publish","type":"page","link":"https:\/\/mooc.reintegratewellbeing.eu\/de\/privacy-policy\/","title":{"rendered":"Datenschutzrichtlinie"},"content":{"rendered":"\n<p><strong>Verordnung (EU) 2016\/679<\/strong><\/p>\n\n\n\n<p>Ab dem 25. Mai 2018 gilt die neue Datenschutzverordnung \u2013 Verordnung (EU) 2016\/679 \u2013 f\u00fcr alle EU-B\u00fcrger. Diese Datenschutzrichtlinie von Privacy Ltd beschreibt, wie wir Ihre pers\u00f6nlichen Daten, die Sie uns im Zusammenhang mit der Nutzung unserer Dienste zur Verf\u00fcgung stellen, speichern, verarbeiten und sch\u00fctzen. Wenn Sie Fragen oder Kommentare zu dieser Richtlinie haben, finden Sie die Kontaktinformationen im Footer oder schreiben Sie uns direkt an <a>info@berlink.eu<\/a>. Bitte lesen Sie diese Richtlinie sorgf\u00e4ltig durch, bevor Sie unsere Dienste nutzen. Es ist wichtig zu wissen, dass:<\/p>\n\n\n\n<p>Wenn Sie der Verarbeitung Ihrer pers\u00f6nlichen Daten in der in dieser Richtlinie beschriebenen Weise nicht zustimmen, stellen Sie uns diese bitte nicht zur Verf\u00fcgung. Die Bereitstellung pers\u00f6nlicher Daten ist freiwillig im Hinblick auf die Nutzung oder den Zugang zu unseren Plattformdiensten. Jede Weigerung, die f\u00fcr die Nutzung der Dienste auf unserer Plattform erforderlichen pers\u00f6nlichen Daten bereitzustellen, w\u00fcrde bedeuten, dass Sie die entsprechenden Dienste oder Funktionen nicht nutzen k\u00f6nnen.<\/p>\n\n\n\n<p>In bestimmten F\u00e4llen kann Ihre ausdr\u00fcckliche Zustimmung zur Verarbeitung personenbezogener Daten nicht erforderlich sein, wenn eine andere Rechtsgrundlage vorliegt, z.B.: Erf\u00fcllung der rechtlichen Verpflichtungen des Administrators; die Notwendigkeit der Erf\u00fcllung eines Vertrags usw.<\/p>\n\n\n\n<h3 class=\"wp-block-heading\">Personenbezogene Daten<\/h3>\n\n\n\n<h4 class=\"wp-block-heading\">Arten von betroffenen Personen, Kategorien der verarbeiteten Daten, Zweck der Verarbeitung, Aufbewahrungsdauer<\/h4>\n\n\n\n<p>Je nachdem, wie Einzelpersonen unsere Plattform und die von ihr bereitgestellten Dienste nutzen, fallen sie in die unten aufgef\u00fchrten Kategorien. Je nach Kategorie werden die Daten der Betroffenen in separaten Registern personenbezogener Daten verarbeitet, wobei jede Verarbeitung unterschiedliche Datenkategorien, Zwecke und Rechtsgrundlagen, Aufbewahrungsfristen, Sicherheitsma\u00dfnahmen und andere Aspekte umfassen kann. Ein und dieselbe Person kann gleichzeitig in mehrere der aufgef\u00fchrten Kategorien fallen. Zum Beispiel ist jeder K\u00e4ufer auch ein Besucher.<\/p>\n\n\n\n<h3 class=\"wp-block-heading\">Besucher<\/h3>\n\n\n\n<ul>\n<li>Ein Besucher ist jede Person, die eine Webseite, einen Teil der Plattform oder verschiedene Abschnitte und Seiten in ihrem Webbrowser l\u00e4dt (sei es durch direkte Eingabe der E-Mail-Adresse im Browser oder durch Verweis auf eine andere Webseite oder Ressource).<\/li>\n\n\n\n<li>Datenkategorien, die verarbeitet werden k\u00f6nnen: Online-Kennungen, die in lokalen Cookies auf dem Ger\u00e4t\/Browser des Besuchers gespeichert sind; Standortinformationen, die vom Besucher bereitgestellt werden; L\u00e4nder-\/Stadtdaten basierend auf der IP-Adresse des Benutzerger\u00e4ts, ein integraler Bestandteil der von jeder Webseite empfangenen Informationen; Informationen \u00fcber Aktionen, die die Person auf der Plattform durchgef\u00fchrt hat; Pr\u00e4ferenzen des Betroffenen bez\u00fcglich bestimmter Aspekte und Einstellungen f\u00fcr die Plattformfunktionen; Informationen \u00fcber den verwendeten Browser\/ Ger\u00e4tetyp.<\/li>\n\n\n\n<li>Verarbeitungsziele: Bereitstellung grundlegender und unterst\u00fctzender Funktionen, die f\u00fcr das ordnungsgem\u00e4\u00dfe Funktionieren der Plattform erforderlich sind; Z\u00e4hlen des Plattformverkehrs; Bereitstellung der notwendigen Bedingungen f\u00fcr die Implementierung von Diensten auf Marketingplattformen.<\/li>\n\n\n\n<li>Aufbewahrungsdauer: Bis zum Ablauf jedes Cookies (bis zu 1 Jahr ab dem Zeitpunkt seiner Speicherung), der Medien der betreffenden Informationen oder bis zu deren L\u00f6schung durch den Betroffenen auf dessen Ger\u00e4t\/Browser.<\/li>\n\n\n\n<li>Rechtsgrundlage f\u00fcr die Verarbeitung: Zustimmung zur Cookie-Richtlinie.<\/li>\n<\/ul>\n\n\n\n<h3 class=\"wp-block-heading\">Ihre Rechte<\/h3>\n\n\n\n<p>Wenn wir Ihre personenbezogenen Daten verarbeiten, haben Sie die folgenden Rechte, die Sie durch Einreichung Ihres Antrags an die oben genannte Adresse des Unternehmens oder elektronisch an <a>info@berlink.eu<\/a> aus\u00fcben k\u00f6nnen.<\/p>\n\n\n\n<ul>\n<li><strong>Recht auf Zugang zu Ihren personenbezogenen Daten:<\/strong> Sie haben das Recht, von uns eine Best\u00e4tigung dar\u00fcber zu erhalten, ob personenbezogene Daten \u00fcber Sie verarbeitet werden und, falls dies der Fall ist, Zugang zu den personenbezogenen Daten und Informationen zu erhalten.<\/li>\n\n\n\n<li><strong>Recht auf Berichtigung personenbezogener Daten:<\/strong> Wenn Sie feststellen, dass die von uns verarbeiteten personenbezogenen Daten \u00fcber Sie unrichtig sind, haben Sie das Recht, deren Berichtigung zu verlangen.<\/li>\n\n\n\n<li><strong>Recht auf L\u00f6schung personenbezogener Daten (Recht auf Vergessenwerden):<\/strong> Unter bestimmten Umst\u00e4nden, z.B. wenn Ihre personenbezogenen Daten unrechtm\u00e4\u00dfig verarbeitet wurden oder Sie Ihre Einwilligung (falls die Verarbeitung personenbezogener Daten auf Einwilligung beruht) widerrufen haben und es keinen Grund f\u00fcr die weitere Verarbeitung gibt, haben Sie das Recht, die L\u00f6schung Ihrer personenbezogenen Daten von uns zu verlangen.<\/li>\n\n\n\n<li><strong>Recht auf Einschr\u00e4nkung der Verarbeitung:<\/strong> Unter bestimmten Umst\u00e4nden, z.B. wenn Sie Zweifel an der Richtigkeit Ihrer personenbezogenen Daten haben oder der Verarbeitung Ihrer personenbezogenen Daten zu unserem berechtigten Zweck widersprochen haben, haben Sie das Recht, die Einschr\u00e4nkung der Verarbeitung Ihrer personenbezogenen Daten zu verlangen, bis eine L\u00f6sung gefunden ist.<\/li>\n\n\n\n<li><strong>Recht auf Widerspruch gegen die Verarbeitung:<\/strong> Unter bestimmten Umst\u00e4nden, z.B. wenn Sie Zweifel an unserem berechtigten Interesse an der Verarbeitung Ihrer personenbezogenen Daten haben, haben Sie das Recht, der Verarbeitung aufgrund Ihrer besonderen Situation zu widersprechen.<\/li>\n\n\n\n<li><strong>Recht auf Daten\u00fcbertragbarkeit:<\/strong> Wenn Ihre personenbezogenen Daten mit automatisierten Mitteln auf Grundlage Ihrer Einwilligung oder zur Erf\u00fcllung unserer vertraglichen Beziehung verarbeitet werden, haben Sie das Recht, zu verlangen, dass wir Ihre personenbezogenen Daten in einem maschinenlesbaren Format zur \u00dcbertragung an einen anderen Datenverantwortlichen bereitstellen.<\/li>\n\n\n\n<li><strong>Recht auf Beschwerde bei einer Aufsichtsbeh\u00f6rde:<\/strong> Sie haben das Recht, eine Beschwerde bez\u00fcglich der Verarbeitung Ihrer personenbezogenen Daten durch uns bei der zust\u00e4ndigen Aufsichtsbeh\u00f6rde \u2013 der Datenschutzbeh\u00f6rde \u2013 oder vor Gericht einzureichen. IN ALL DIESEN F\u00c4LLEN K\u00d6NNEN SIE IHRE RECHTE AUS\u00dcBEN, INDEM SIE UNS UNTER <a>info@berlink.eu<\/a> KONTAKTIEREN.<\/li>\n<\/ul>\n\n\n\n<h3 class=\"wp-block-heading\">\u00dcbermittlung personenbezogener Daten an Dritte<\/h3>\n\n\n\n<p>Wir stellen Daten nur in den folgenden F\u00e4llen Dritten zur Verf\u00fcgung: a. Die Bereitstellung gem\u00e4\u00df dem vorhergehenden Artikel ist notwendig, um einen Vertrag zwischen K\u00e4ufer und Verk\u00e4ufer abzuschlie\u00dfen. b. Wenn wir eine gesetzliche Verpflichtung haben, Daten offenzulegen oder zu teilen. c. Wenn wir die Zustimmung der betreffenden betroffenen Person eingeholt haben. d. Digital pseudonymisierte Daten der Besucher, Nutzer und Abonnenten der Plattform k\u00f6nnen automatisch an externe Dienste unserer in die Plattform integrierten Anbieter zur Z\u00e4hlung unserer Besucher oder zu Werbezwecken \u00fcbermittelt werden. Weitere Informationen zu diesen externen Diensten finden Sie in der Cookie-Richtlinie sowie in den Einstellungen zum Opt-out von verschiedenen Diensten. Ein solches Opt-out kann auch \u00fcber externe Tools erfolgen (f\u00fcr Google Analytics \u2013 hier; f\u00fcr Google-Werbeplattformen \u2013 hier; f\u00fcr Facebook-Werbeplattformen \u2013 hier; f\u00fcr andere Plattformen \u2013 hier und hier).<\/p>\n\n\n\n<h3 class=\"wp-block-heading\">Datensicherheit<\/h3>\n\n\n\n<p>Von unserer Seite haben wir die notwendigen technischen und organisatorischen Ma\u00dfnahmen ergriffen, um den Schutz Ihrer personenbezogenen Daten vor unbefugtem Zugriff oder Offenlegung, zuf\u00e4lliger oder rechtswidriger Zerst\u00f6rung oder Ver\u00e4nderung zu gew\u00e4hrleisten. Die Informationen in elektronischer Form werden in sicheren Rechenzentren innerhalb der Europ\u00e4ischen Union gespeichert. Der Datentransfer zwischen Servern und dem Client-Ger\u00e4t\/Browser wird mit HTTPS verschl\u00fcsselt.<\/p>\n\n\n\n<p>Wenn das Unternehmen die IP-Adressen der betroffenen Personen speichert, geschieht dies, um Benutzern in verschiedenen Situationen angemessen helfen zu k\u00f6nnen (z.B. unbeabsichtigte K\u00e4ufe, Kaufstatusberichte usw.). IPs werden bis zu 1 Jahr gespeichert (dieser Zeitraum entspricht dem Verhalten einiger Nutzer der Plattform hinsichtlich der H\u00e4ufigkeit von K\u00e4ufen und anderen Aktionen). IPs werden unter keinen Umst\u00e4nden an Dritte weitergegeben, au\u00dfer wie beschrieben.<\/p>\n\n\n\n<h3 class=\"wp-block-heading\">Cookies<\/h3>\n\n\n\n<p>Die Webseiten der Plattform sowie die von Dritten bereitgestellten externen Dienste verwenden Cookies zur tempor\u00e4ren Speicherung kleiner Informationsmengen, um korrekt zu funktionieren und die bestm\u00f6glichen Dienste bereitzustellen.<\/p>\n\n\n\n<h4 class=\"wp-block-heading\">Liste der Cookies:<\/h4>\n\n\n\n<ul>\n<li>wordpress_test_cookie (Dauer: 1 Jahr)<\/li>\n\n\n\n<li>wordpress_logged_in_ (Dauer: 1 Jahr)<\/li>\n\n\n\n<li>wordpress_sec (Dauer: 15 Minuten)<\/li>\n\n\n\n<li>wp_lang (Dauer: 1 Jahr)<\/li>\n<\/ul>\n\n\n\n<p>Zuk\u00fcnftige \u00c4nderungen dieser Richtlinie werden auf dieser Seite ver\u00f6ffentlicht.<\/p>\n\n\n\n<p>Letzte \u00c4nderung: 30. Mai 2024<\/p>\n","protected":false},"excerpt":{"rendered":"<p>Verordnung (EU) 2016\/679 Ab dem 25. Mai 2018 gilt die neue Datenschutzverordnung \u2013 Verordnung (EU) 2016\/679 \u2013 f\u00fcr alle EU-B\u00fcrger. [&hellip;]<\/p>\n","protected":false},"author":1,"featured_media":0,"parent":0,"menu_order":0,"comment_status":"closed","ping_status":"closed","template":"","meta":{"footnotes":""},"_links":{"self":[{"href":"https:\/\/mooc.reintegratewellbeing.eu\/de\/wp-json\/wp\/v2\/pages\/1804"}],"collection":[{"href":"https:\/\/mooc.reintegratewellbeing.eu\/de\/wp-json\/wp\/v2\/pages"}],"about":[{"href":"https:\/\/mooc.reintegratewellbeing.eu\/de\/wp-json\/wp\/v2\/types\/page"}],"author":[{"embeddable":true,"href":"https:\/\/mooc.reintegratewellbeing.eu\/de\/wp-json\/wp\/v2\/users\/1"}],"replies":[{"embeddable":true,"href":"https:\/\/mooc.reintegratewellbeing.eu\/de\/wp-json\/wp\/v2\/comments?post=1804"}],"version-history":[{"count":2,"href":"https:\/\/mooc.reintegratewellbeing.eu\/de\/wp-json\/wp\/v2\/pages\/1804\/revisions"}],"predecessor-version":[{"id":1806,"href":"https:\/\/mooc.reintegratewellbeing.eu\/de\/wp-json\/wp\/v2\/pages\/1804\/revisions\/1806"}],"wp:attachment":[{"href":"https:\/\/mooc.reintegratewellbeing.eu\/de\/wp-json\/wp\/v2\/media?parent=1804"}],"curies":[{"name":"wp","href":"https:\/\/api.w.org\/{rel}","templated":true}]}}