{"id":1762,"date":"2024-05-08T19:04:03","date_gmt":"2024-05-08T19:04:03","guid":{"rendered":"https:\/\/mooc.reintegratewellbeing.eu\/all-courses\/"},"modified":"2024-08-09T05:58:18","modified_gmt":"2024-08-09T05:58:18","slug":"all-courses","status":"publish","type":"page","link":"https:\/\/mooc.reintegratewellbeing.eu\/de\/all-courses\/","title":{"rendered":"Kurse"},"content":{"rendered":"\t\t<div data-elementor-type=\"wp-page\" data-elementor-id=\"1762\" class=\"elementor elementor-1762 elementor-691\" data-elementor-post-type=\"page\">\n\t\t\t\t\t\t<section class=\"elementor-section elementor-top-section elementor-element elementor-element-bf7fcea elementor-section-boxed elementor-section-height-default elementor-section-height-default\" data-id=\"bf7fcea\" data-element_type=\"section\">\n\t\t\t\t\t\t<div class=\"elementor-container elementor-column-gap-default\">\n\t\t\t\t\t<div class=\"elementor-column elementor-col-100 elementor-top-column elementor-element elementor-element-383111d\" data-id=\"383111d\" data-element_type=\"column\">\n\t\t\t<div class=\"elementor-widget-wrap elementor-element-populated\">\n\t\t\t\t\t\t<div class=\"elementor-element elementor-element-c2c89be elementor-widget elementor-widget-learnpress_list_courses\" data-id=\"c2c89be\" data-element_type=\"widget\" data-widget_type=\"learnpress_list_courses.default\">\n\t\t\t\t<div class=\"elementor-widget-container\">\n\t\t\t\t\t\t<div class=\"lp-archive-courses\">\r\n\t\t\t\t<ul class=\"learn-press-courses lp-list-courses-no-css\" data-layout=\"list\"\r\n\t\t\t\t\tdata-size=\"10\">\r\n\t\t\t\t\t<li class=\"course\"><div class=\"course-item\" data-id=\"1727\"><div class=\"course-thumbnail\"><a href=\"https:\/\/mooc.reintegratewellbeing.eu\/de\/courses\/modul-1-burnout-auspacken\/\"><div class=\"course-img\"><img decoding=\"async\" src=\"https:\/\/mooc.reintegratewellbeing.eu\/wp-content\/uploads\/2024\/05\/9340-500x300.jpg\" alt=\"Kursvorschaubild\"><\/div><\/a><\/div><div class=\"course-content\"><h3 class=\"wap-course-title\"><a class=\"course-permalink\" href=\"https:\/\/mooc.reintegratewellbeing.eu\/de\/courses\/modul-1-burnout-auspacken\/\"><span class='course-title'>Modul 1: Verstehen des Burnouts<\/span><\/a><\/h3><div class=\"course-instructor-category\"><div><label>by<\/label> <div class=\"course-instructor\"><a href=\"https:\/\/mooc.reintegratewellbeing.eu\/mentor\/admin-2\/\"  > <span class=\"instructor-display-name\">admin<\/span><\/a><\/div><\/div><\/div><div class=\"course-wrap-meta\"><div class=\"meta-item meta-item-duration\"><span class=\"course-duration\">unbegrenzt<\/span><\/div><div class=\"meta-item meta-item-level\"><span class=\"course-level\">Alle Stufen<\/span><\/div><div class=\"meta-item meta-item-lesson\"><div class=\"course-count-item lp_lesson\">3 Lektionen<\/div><\/div><div class=\"meta-item meta-item-quiz\"><div class=\"course-count-item lp_quiz\">0 Tests<\/div><\/div><div class=\"meta-item meta-item-student\"><div class=\"course-count-student\">2 Kursteilnehmer<\/div><\/div><\/div><p class=\"course-short-description\">Dieses Modul bietet einen umfassenden \u00dcberblick \u00fcber Burnout, indem die Ursachen, Symptome und Strategien zur Bew\u00e4ltigung erforscht werden. Das Modul [&hellip;]<\/p><div class=\"course-info\"><span class=\"course-price\"><span class=\"course-item-price\"><span class=\"free\">Kostenlos<\/span><\/span><\/span><div class=\"course-readmore\"><a href=\"https:\/\/mooc.reintegratewellbeing.eu\/de\/courses\/modul-1-burnout-auspacken\/\">Read more<\/a><\/div><\/div><\/div><\/div><\/li><li class=\"course\"><div class=\"course-item\" data-id=\"1736\"><div class=\"course-thumbnail\"><a href=\"https:\/\/mooc.reintegratewellbeing.eu\/de\/courses\/modul-2-motivation-und-selbstvertrauen-nach-einem-burnout-wiedergewinnen\/\"><div class=\"course-img\"><img decoding=\"async\" src=\"https:\/\/mooc.reintegratewellbeing.eu\/wp-content\/uploads\/2024\/06\/363-500x300.jpg\" alt=\"Kursvorschaubild\"><\/div><\/a><\/div><div class=\"course-content\"><h3 class=\"wap-course-title\"><a class=\"course-permalink\" href=\"https:\/\/mooc.reintegratewellbeing.eu\/de\/courses\/modul-2-motivation-und-selbstvertrauen-nach-einem-burnout-wiedergewinnen\/\"><span class='course-title'>Modul 2: Der Weg zu psychischer Gesundheit und Wohlbefinden<\/span><\/a><\/h3><div class=\"course-instructor-category\"><div><label>by<\/label> <div class=\"course-instructor\"><a href=\"https:\/\/mooc.reintegratewellbeing.eu\/mentor\/admin-2\/\"  > <span class=\"instructor-display-name\">admin<\/span><\/a><\/div><\/div><\/div><div class=\"course-wrap-meta\"><div class=\"meta-item meta-item-duration\"><span class=\"course-duration\">unbegrenzt<\/span><\/div><div class=\"meta-item meta-item-level\"><span class=\"course-level\">Alle Stufen<\/span><\/div><div class=\"meta-item meta-item-lesson\"><div class=\"course-count-item lp_lesson\">3 Lektionen<\/div><\/div><div class=\"meta-item meta-item-quiz\"><div class=\"course-count-item lp_quiz\">0 Tests<\/div><\/div><div class=\"meta-item meta-item-student\"><div class=\"course-count-student\">0 Kursteilnehmer<\/div><\/div><\/div><p class=\"course-short-description\">Dieses Modul ist darauf ausgelegt, Sie auf dem Weg der Erholung von Burnout zu begleiten und Ihre St\u00e4rke wiederzufinden. Es [&hellip;]<\/p><div class=\"course-info\"><span class=\"course-price\"><span class=\"course-item-price\"><span class=\"free\">Kostenlos<\/span><\/span><\/span><div class=\"course-readmore\"><a href=\"https:\/\/mooc.reintegratewellbeing.eu\/de\/courses\/modul-2-motivation-und-selbstvertrauen-nach-einem-burnout-wiedergewinnen\/\">Read more<\/a><\/div><\/div><\/div><\/div><\/li><li class=\"course\"><div class=\"course-item\" data-id=\"1775\"><div class=\"course-thumbnail\"><a href=\"https:\/\/mooc.reintegratewellbeing.eu\/de\/courses\/modul-3-soft-skills-4-empowerment\/\"><div class=\"course-img\"><img decoding=\"async\" src=\"https:\/\/mooc.reintegratewellbeing.eu\/wp-content\/uploads\/2024\/06\/2147993426-500x300.jpg\" alt=\"Kursvorschaubild\"><\/div><\/a><\/div><div class=\"course-content\"><h3 class=\"wap-course-title\"><a class=\"course-permalink\" href=\"https:\/\/mooc.reintegratewellbeing.eu\/de\/courses\/modul-3-soft-skills-4-empowerment\/\"><span class='course-title'>Modul 3: Soft Skills zur St\u00e4rkung<\/span><\/a><\/h3><div class=\"course-instructor-category\"><div><label>by<\/label> <div class=\"course-instructor\"><a href=\"https:\/\/mooc.reintegratewellbeing.eu\/mentor\/admin-2\/\"  > <span class=\"instructor-display-name\">admin<\/span><\/a><\/div><\/div><\/div><div class=\"course-wrap-meta\"><div class=\"meta-item meta-item-duration\"><span class=\"course-duration\">unbegrenzt<\/span><\/div><div class=\"meta-item meta-item-level\"><span class=\"course-level\">Alle Stufen<\/span><\/div><div class=\"meta-item meta-item-lesson\"><div class=\"course-count-item lp_lesson\">3 Lektionen<\/div><\/div><div class=\"meta-item meta-item-quiz\"><div class=\"course-count-item lp_quiz\">0 Tests<\/div><\/div><div class=\"meta-item meta-item-student\"><div class=\"course-count-student\">0 Kursteilnehmer<\/div><\/div><\/div><p class=\"course-short-description\">Dieses Modul wurde erstellt, um Sie beim Erlernen von Soft Skills zur St\u00e4rkung zu begleiten. Es umfasst drei Mentoring-Sitzungen und [&hellip;]<\/p><div class=\"course-info\"><span class=\"course-price\"><span class=\"course-item-price\"><span class=\"free\">Kostenlos<\/span><\/span><\/span><div class=\"course-readmore\"><a href=\"https:\/\/mooc.reintegratewellbeing.eu\/de\/courses\/modul-3-soft-skills-4-empowerment\/\">Read more<\/a><\/div><\/div><\/div><\/div><\/li><li class=\"course\"><div class=\"course-item\" data-id=\"1791\"><div class=\"course-thumbnail\"><a href=\"https:\/\/mooc.reintegratewellbeing.eu\/de\/courses\/modul-4-die-bedeutung-des-wohlbefindens-am-arbeitsplatz\/\"><div class=\"course-img\"><img decoding=\"async\" src=\"https:\/\/mooc.reintegratewellbeing.eu\/wp-content\/uploads\/2024\/07\/15861-500x300.jpg\" alt=\"Kursvorschaubild\"><\/div><\/a><\/div><div class=\"course-content\"><h3 class=\"wap-course-title\"><a class=\"course-permalink\" href=\"https:\/\/mooc.reintegratewellbeing.eu\/de\/courses\/modul-4-die-bedeutung-des-wohlbefindens-am-arbeitsplatz\/\"><span class='course-title'>Modul 4: Die Bedeutung des Wohlbefindens am Arbeitsplatz<\/span><\/a><\/h3><div class=\"course-instructor-category\"><div><label>by<\/label> <div class=\"course-instructor\"><a href=\"https:\/\/mooc.reintegratewellbeing.eu\/mentor\/admin-2\/\"  > <span class=\"instructor-display-name\">admin<\/span><\/a><\/div><\/div><\/div><div class=\"course-wrap-meta\"><div class=\"meta-item meta-item-duration\"><span class=\"course-duration\">unbegrenzt<\/span><\/div><div class=\"meta-item meta-item-level\"><span class=\"course-level\">Alle Stufen<\/span><\/div><div class=\"meta-item meta-item-lesson\"><div class=\"course-count-item lp_lesson\">3 Lektionen<\/div><\/div><div class=\"meta-item meta-item-quiz\"><div class=\"course-count-item lp_quiz\">0 Tests<\/div><\/div><div class=\"meta-item meta-item-student\"><div class=\"course-count-student\">1 Kursteilnehmer<\/div><\/div><\/div><p class=\"course-short-description\">Dieses Modul konzentriert sich auf die Bedeutung des Wohlbefindens am Arbeitsplatz und untersucht Strategien zur F\u00f6rderung der psychischen Gesundheit und [&hellip;]<\/p><div class=\"course-info\"><span class=\"course-price\"><span class=\"course-item-price\"><span class=\"free\">Kostenlos<\/span><\/span><\/span><div class=\"course-readmore\"><a href=\"https:\/\/mooc.reintegratewellbeing.eu\/de\/courses\/modul-4-die-bedeutung-des-wohlbefindens-am-arbeitsplatz\/\">Read more<\/a><\/div><\/div><\/div><\/div><\/li>\t\t\t\t<\/ul>\r\n\t\t\t<\/div>\r\n\t\t\t\t\t<\/div>\n\t\t\t\t<\/div>\n\t\t\t\t\t<\/div>\n\t\t<\/div>\n\t\t\t\t\t<\/div>\n\t\t<\/section>\n\t\t\t\t<\/div>\n\t\t","protected":false},"excerpt":{"rendered":"<p>adminModul 1: Burnout auspackenLifetimeAll levels3 Lessons0 Quizzes0 Students FreeRead more adminModul 2: Motivation und Selbstvertrauen nach einem Burnout wiedergewinnenLifetimeAll levels3 [&hellip;]<\/p>\n","protected":false},"author":2,"featured_media":0,"parent":0,"menu_order":0,"comment_status":"closed","ping_status":"closed","template":"","meta":{"footnotes":""},"_links":{"self":[{"href":"https:\/\/mooc.reintegratewellbeing.eu\/de\/wp-json\/wp\/v2\/pages\/1762"}],"collection":[{"href":"https:\/\/mooc.reintegratewellbeing.eu\/de\/wp-json\/wp\/v2\/pages"}],"about":[{"href":"https:\/\/mooc.reintegratewellbeing.eu\/de\/wp-json\/wp\/v2\/types\/page"}],"author":[{"embeddable":true,"href":"https:\/\/mooc.reintegratewellbeing.eu\/de\/wp-json\/wp\/v2\/users\/2"}],"replies":[{"embeddable":true,"href":"https:\/\/mooc.reintegratewellbeing.eu\/de\/wp-json\/wp\/v2\/comments?post=1762"}],"version-history":[{"count":8,"href":"https:\/\/mooc.reintegratewellbeing.eu\/de\/wp-json\/wp\/v2\/pages\/1762\/revisions"}],"predecessor-version":[{"id":2828,"href":"https:\/\/mooc.reintegratewellbeing.eu\/de\/wp-json\/wp\/v2\/pages\/1762\/revisions\/2828"}],"wp:attachment":[{"href":"https:\/\/mooc.reintegratewellbeing.eu\/de\/wp-json\/wp\/v2\/media?parent=1762"}],"curies":[{"name":"wp","href":"https:\/\/api.w.org\/{rel}","templated":true}]}}