{"id":2238,"date":"2024-05-08T19:04:03","date_gmt":"2024-05-08T19:04:03","guid":{"rendered":"https:\/\/mooc.reintegratewellbeing.eu\/all-courses\/"},"modified":"2024-08-03T19:13:32","modified_gmt":"2024-08-03T19:13:32","slug":"all-courses","status":"publish","type":"page","link":"http:\/\/mooc.reintegratewellbeing.eu\/sv\/all-courses\/","title":{"rendered":"Kurser"},"content":{"rendered":"\t\t<div data-elementor-type=\"wp-page\" data-elementor-id=\"2238\" class=\"elementor elementor-2238 elementor-691\" data-elementor-post-type=\"page\">\n\t\t\t\t\t\t<section class=\"elementor-section elementor-top-section elementor-element elementor-element-bf7fcea elementor-section-boxed elementor-section-height-default elementor-section-height-default\" data-id=\"bf7fcea\" data-element_type=\"section\">\n\t\t\t\t\t\t<div class=\"elementor-container elementor-column-gap-default\">\n\t\t\t\t\t<div class=\"elementor-column elementor-col-100 elementor-top-column elementor-element elementor-element-383111d\" data-id=\"383111d\" data-element_type=\"column\">\n\t\t\t<div class=\"elementor-widget-wrap elementor-element-populated\">\n\t\t\t\t\t\t<div class=\"elementor-element elementor-element-c2c89be elementor-widget elementor-widget-learnpress_list_courses\" data-id=\"c2c89be\" data-element_type=\"widget\" data-widget_type=\"learnpress_list_courses.default\">\n\t\t\t\t<div class=\"elementor-widget-container\">\n\t\t\t\t\t\t<div class=\"lp-archive-courses\">\r\n\t\t\t\t<ul class=\"learn-press-courses lp-list-courses-no-css\" data-layout=\"list\"\r\n\t\t\t\t\tdata-size=\"10\">\r\n\t\t\t\t\t<li class=\"course\"><div class=\"course-item\" data-id=\"2255\"><div class=\"course-thumbnail\"><a href=\"http:\/\/mooc.reintegratewellbeing.eu\/sv\/courses\/modul-1-forsta-utbrandhet\/\"><div class=\"course-img\"><img decoding=\"async\" src=\"http:\/\/mooc.reintegratewellbeing.eu\/wp-content\/uploads\/2024\/05\/9340-500x300.jpg\" alt=\"miniatyr f\u00f6r kurs\"><\/div><\/a><\/div><div class=\"course-content\"><h3 class=\"wap-course-title\"><a class=\"course-permalink\" href=\"http:\/\/mooc.reintegratewellbeing.eu\/sv\/courses\/modul-1-forsta-utbrandhet\/\"><span class='course-title'>Modul 1: F\u00f6rst\u00e5 utbr\u00e4ndhet<\/span><\/a><\/h3><div class=\"course-instructor-category\"><div><label>by<\/label> <div class=\"course-instructor\"><a href=\"http:\/\/mooc.reintegratewellbeing.eu\/mentor\/admin-2\/\"  > <span class=\"instructor-display-name\">admin<\/span><\/a><\/div><\/div><\/div><div class=\"course-wrap-meta\"><div class=\"meta-item meta-item-duration\"><span class=\"course-duration\">Livstid<\/span><\/div><div class=\"meta-item meta-item-level\"><span class=\"course-level\">Alla niv\u00e5er<\/span><\/div><div class=\"meta-item meta-item-lesson\"><div class=\"course-count-item lp_lesson\">3 Lektioner<\/div><\/div><div class=\"meta-item meta-item-quiz\"><div class=\"course-count-item lp_quiz\">0 Prov<\/div><\/div><div class=\"meta-item meta-item-student\"><div class=\"course-count-student\">1 Student<\/div><\/div><\/div><p class=\"course-short-description\">Detta modul ger en omfattande \u00f6versikt \u00f6ver utbr\u00e4ndhet genom att utforska orsakerna, symtomen och strategierna f\u00f6r att hantera det. Modulen [&hellip;]<\/p><div class=\"course-info\"><span class=\"course-price\"><span class=\"course-item-price\"><span class=\"free\">Gratis<\/span><\/span><\/span><div class=\"course-readmore\"><a href=\"http:\/\/mooc.reintegratewellbeing.eu\/sv\/courses\/modul-1-forsta-utbrandhet\/\">Read more<\/a><\/div><\/div><\/div><\/div><\/li><li class=\"course\"><div class=\"course-item\" data-id=\"2258\"><div class=\"course-thumbnail\"><a href=\"http:\/\/mooc.reintegratewellbeing.eu\/sv\/courses\/modul-2-vagen-till-mental-halsa-och-valbefinnande\/\"><div class=\"course-img\"><img decoding=\"async\" src=\"http:\/\/mooc.reintegratewellbeing.eu\/wp-content\/uploads\/2024\/06\/363-500x300.jpg\" alt=\"miniatyr f\u00f6r kurs\"><\/div><\/a><\/div><div class=\"course-content\"><h3 class=\"wap-course-title\"><a class=\"course-permalink\" href=\"http:\/\/mooc.reintegratewellbeing.eu\/sv\/courses\/modul-2-vagen-till-mental-halsa-och-valbefinnande\/\"><span class='course-title'>Modul 2: V\u00e4gen till mental h\u00e4lsa och v\u00e4lbefinnande<\/span><\/a><\/h3><div class=\"course-instructor-category\"><div><label>by<\/label> <div class=\"course-instructor\"><a href=\"http:\/\/mooc.reintegratewellbeing.eu\/mentor\/admin-2\/\"  > <span class=\"instructor-display-name\">admin<\/span><\/a><\/div><\/div><\/div><div class=\"course-wrap-meta\"><div class=\"meta-item meta-item-duration\"><span class=\"course-duration\">Livstid<\/span><\/div><div class=\"meta-item meta-item-level\"><span class=\"course-level\">Alla niv\u00e5er<\/span><\/div><div class=\"meta-item meta-item-lesson\"><div class=\"course-count-item lp_lesson\">3 Lektioner<\/div><\/div><div class=\"meta-item meta-item-quiz\"><div class=\"course-count-item lp_quiz\">0 Prov<\/div><\/div><div class=\"meta-item meta-item-student\"><div class=\"course-count-student\">0 Studenter<\/div><\/div><\/div><p class=\"course-short-description\">Denna modul \u00e4r utformad f\u00f6r att v\u00e4gleda dig p\u00e5 v\u00e4gen till \u00e5terh\u00e4mtning fr\u00e5n utbr\u00e4ndhet och f\u00f6r att \u00e5terfinna din styrka. [&hellip;]<\/p><div class=\"course-info\"><span class=\"course-price\"><span class=\"course-item-price\"><span class=\"free\">Gratis<\/span><\/span><\/span><div class=\"course-readmore\"><a href=\"http:\/\/mooc.reintegratewellbeing.eu\/sv\/courses\/modul-2-vagen-till-mental-halsa-och-valbefinnande\/\">Read more<\/a><\/div><\/div><\/div><\/div><\/li><li class=\"course\"><div class=\"course-item\" data-id=\"2267\"><div class=\"course-thumbnail\"><a href=\"http:\/\/mooc.reintegratewellbeing.eu\/sv\/courses\/modul-3-mjuka-fardigheter-for-empowerment\/\"><div class=\"course-img\"><img decoding=\"async\" src=\"http:\/\/mooc.reintegratewellbeing.eu\/wp-content\/uploads\/2024\/06\/2147993426-500x300.jpg\" alt=\"miniatyr f\u00f6r kurs\"><\/div><\/a><\/div><div class=\"course-content\"><h3 class=\"wap-course-title\"><a class=\"course-permalink\" href=\"http:\/\/mooc.reintegratewellbeing.eu\/sv\/courses\/modul-3-mjuka-fardigheter-for-empowerment\/\"><span class='course-title'>Modul 3: Mjuka f\u00e4rdigheter f\u00f6r empowerment<\/span><\/a><\/h3><div class=\"course-instructor-category\"><div><label>by<\/label> <div class=\"course-instructor\"><a href=\"http:\/\/mooc.reintegratewellbeing.eu\/mentor\/admin-2\/\"  > <span class=\"instructor-display-name\">admin<\/span><\/a><\/div><\/div><\/div><div class=\"course-wrap-meta\"><div class=\"meta-item meta-item-duration\"><span class=\"course-duration\">Livstid<\/span><\/div><div class=\"meta-item meta-item-level\"><span class=\"course-level\">Alla niv\u00e5er<\/span><\/div><div class=\"meta-item meta-item-lesson\"><div class=\"course-count-item lp_lesson\">3 Lektioner<\/div><\/div><div class=\"meta-item meta-item-quiz\"><div class=\"course-count-item lp_quiz\">0 Prov<\/div><\/div><div class=\"meta-item meta-item-student\"><div class=\"course-count-student\">0 Studenter<\/div><\/div><\/div><p class=\"course-short-description\">Denna modul \u00e4r skapad f\u00f6r att f\u00f6lja dig p\u00e5 v\u00e4gen till att l\u00e4ra dig mjuka f\u00e4rdigheter f\u00f6r empowerment. Du hittar [&hellip;]<\/p><div class=\"course-info\"><span class=\"course-price\"><span class=\"course-item-price\"><span class=\"free\">Gratis<\/span><\/span><\/span><div class=\"course-readmore\"><a href=\"http:\/\/mooc.reintegratewellbeing.eu\/sv\/courses\/modul-3-mjuka-fardigheter-for-empowerment\/\">Read more<\/a><\/div><\/div><\/div><\/div><\/li><li class=\"course\"><div class=\"course-item\" data-id=\"2276\"><div class=\"course-thumbnail\"><a href=\"http:\/\/mooc.reintegratewellbeing.eu\/sv\/courses\/modul-4-betydelsen-av-valbefinnande-pa-arbetsplatsen\/\"><div class=\"course-img\"><img decoding=\"async\" src=\"http:\/\/mooc.reintegratewellbeing.eu\/wp-content\/uploads\/2024\/07\/15861-500x300.jpg\" alt=\"miniatyr f\u00f6r kurs\"><\/div><\/a><\/div><div class=\"course-content\"><h3 class=\"wap-course-title\"><a class=\"course-permalink\" href=\"http:\/\/mooc.reintegratewellbeing.eu\/sv\/courses\/modul-4-betydelsen-av-valbefinnande-pa-arbetsplatsen\/\"><span class='course-title'>Modul 4: Betydelsen av v\u00e4lbefinnande p\u00e5 arbetsplatsen<\/span><\/a><\/h3><div class=\"course-instructor-category\"><div><label>by<\/label> <div class=\"course-instructor\"><a href=\"http:\/\/mooc.reintegratewellbeing.eu\/mentor\/admin-2\/\"  > <span class=\"instructor-display-name\">admin<\/span><\/a><\/div><\/div><\/div><div class=\"course-wrap-meta\"><div class=\"meta-item meta-item-duration\"><span class=\"course-duration\">Livstid<\/span><\/div><div class=\"meta-item meta-item-level\"><span class=\"course-level\">Alla niv\u00e5er<\/span><\/div><div class=\"meta-item meta-item-lesson\"><div class=\"course-count-item lp_lesson\">3 Lektioner<\/div><\/div><div class=\"meta-item meta-item-quiz\"><div class=\"course-count-item lp_quiz\">0 Prov<\/div><\/div><div class=\"meta-item meta-item-student\"><div class=\"course-count-student\">0 Studenter<\/div><\/div><\/div><p class=\"course-short-description\">Denna modul fokuserar p\u00e5 betydelsen av v\u00e4lbefinnande p\u00e5 arbetsplatsen och utforskar strategier f\u00f6r att fr\u00e4mja mental h\u00e4lsa och allm\u00e4nt v\u00e4lbefinnande [&hellip;]<\/p><div class=\"course-info\"><span class=\"course-price\"><span class=\"course-item-price\"><span class=\"free\">Gratis<\/span><\/span><\/span><div class=\"course-readmore\"><a href=\"http:\/\/mooc.reintegratewellbeing.eu\/sv\/courses\/modul-4-betydelsen-av-valbefinnande-pa-arbetsplatsen\/\">Read more<\/a><\/div><\/div><\/div><\/div><\/li>\t\t\t\t<\/ul>\r\n\t\t\t<\/div>\r\n\t\t\t\t\t<\/div>\n\t\t\t\t<\/div>\n\t\t\t\t\t<\/div>\n\t\t<\/div>\n\t\t\t\t\t<\/div>\n\t\t<\/section>\n\t\t\t\t<\/div>\n\t\t","protected":false},"excerpt":{"rendered":"<p>adminModul 1: F\u00f6rst\u00e5 utbr\u00e4ndhetLifetimeAll levels0 Lessons0 Quizzes0 Students FreeRead more adminModul 2: V\u00e4gen till mental h\u00e4lsa och v\u00e4lbefinnandeLifetimeAll levels0 Lessons0 [&hellip;]<\/p>\n","protected":false},"author":2,"featured_media":0,"parent":0,"menu_order":0,"comment_status":"closed","ping_status":"closed","template":"","meta":{"footnotes":""},"_links":{"self":[{"href":"http:\/\/mooc.reintegratewellbeing.eu\/sv\/wp-json\/wp\/v2\/pages\/2238"}],"collection":[{"href":"http:\/\/mooc.reintegratewellbeing.eu\/sv\/wp-json\/wp\/v2\/pages"}],"about":[{"href":"http:\/\/mooc.reintegratewellbeing.eu\/sv\/wp-json\/wp\/v2\/types\/page"}],"author":[{"embeddable":true,"href":"http:\/\/mooc.reintegratewellbeing.eu\/sv\/wp-json\/wp\/v2\/users\/2"}],"replies":[{"embeddable":true,"href":"http:\/\/mooc.reintegratewellbeing.eu\/sv\/wp-json\/wp\/v2\/comments?post=2238"}],"version-history":[{"count":7,"href":"http:\/\/mooc.reintegratewellbeing.eu\/sv\/wp-json\/wp\/v2\/pages\/2238\/revisions"}],"predecessor-version":[{"id":2297,"href":"http:\/\/mooc.reintegratewellbeing.eu\/sv\/wp-json\/wp\/v2\/pages\/2238\/revisions\/2297"}],"wp:attachment":[{"href":"http:\/\/mooc.reintegratewellbeing.eu\/sv\/wp-json\/wp\/v2\/media?parent=2238"}],"curies":[{"name":"wp","href":"https:\/\/api.w.org\/{rel}","templated":true}]}}