{"id":2124,"date":"2024-05-23T18:52:37","date_gmt":"2024-05-23T18:52:37","guid":{"rendered":"https:\/\/mooc.reintegratewellbeing.eu\/home\/"},"modified":"2024-08-03T05:29:34","modified_gmt":"2024-08-03T05:29:34","slug":"home","status":"publish","type":"page","link":"http:\/\/mooc.reintegratewellbeing.eu\/pt-pt\/","title":{"rendered":"P\u00e1gina inicial"},"content":{"rendered":"\t\t<div data-elementor-type=\"wp-page\" data-elementor-id=\"2124\" class=\"elementor elementor-2124 elementor-716\" data-elementor-post-type=\"page\">\n\t\t\t\t\t\t<section class=\"elementor-section elementor-top-section elementor-element elementor-element-72982e3 elementor-section-boxed elementor-section-height-default elementor-section-height-default\" data-id=\"72982e3\" data-element_type=\"section\">\n\t\t\t\t\t\t<div class=\"elementor-container elementor-column-gap-default\">\n\t\t\t\t\t<div class=\"elementor-column elementor-col-100 elementor-top-column elementor-element elementor-element-525251c\" data-id=\"525251c\" data-element_type=\"column\">\n\t\t\t<div class=\"elementor-widget-wrap elementor-element-populated\">\n\t\t\t\t\t\t<div class=\"elementor-element elementor-element-49518a1 elementor-widget elementor-widget-heading\" data-id=\"49518a1\" data-element_type=\"widget\" data-widget_type=\"heading.default\">\n\t\t\t\t<div class=\"elementor-widget-container\">\n\t\t\t<h1 class=\"elementor-heading-title elementor-size-default\">Bem-vindo<\/h1>\t\t<\/div>\n\t\t\t\t<\/div>\n\t\t\t\t<div class=\"elementor-element elementor-element-bae1471 elementor-widget elementor-widget-text-editor\" data-id=\"bae1471\" data-element_type=\"widget\" data-widget_type=\"text-editor.default\">\n\t\t\t\t<div class=\"elementor-widget-container\">\n\t\t\t\t\t\t\t<div class=\"\"><p>Bem-vindo \u00e0 Plataforma MOOC do Projeto KA2 Reintegrar o Bem-Estar, cofinanciado pela Uni\u00e3o Europeia. Aqui encontrar\u00e1 um conjunto de 12 m\u00f3dulos de e-learning, divididos em 4 m\u00f3dulos. Todo o material pode ser descarregado gratuitamente.<\/p><p>Esperamos que o material seja \u00fatil e que lhe sirva de apoio.<\/p><p>Se tiver perguntas espec\u00edficas sobre os cursos aqui apresentados, consulte a sec\u00e7\u00e3o de contactos. Desta forma, ter\u00e1 acesso gratuito aos mentores atrav\u00e9s da plataforma. <br \/>Se precisar de contactar um especialista, pode ir \u00e0 sec\u00e7\u00e3o de mentores, onde fornecemos potenciais formadores que pode contactar.<br \/>Tenha em aten\u00e7\u00e3o que, se optar por ter uma sess\u00e3o de forma\u00e7\u00e3o com eles, ser\u00e3o cobradas taxas que podem variar consoante o caso.<\/p><\/div>\t\t\t\t\t\t<\/div>\n\t\t\t\t<\/div>\n\t\t\t\t<div class=\"elementor-element elementor-element-49d2111 elementor-align-center elementor-widget elementor-widget-button\" data-id=\"49d2111\" data-element_type=\"widget\" data-widget_type=\"button.default\">\n\t\t\t\t<div class=\"elementor-widget-container\">\n\t\t\t\t\t<div class=\"elementor-button-wrapper\">\n\t\t\t<a class=\"elementor-button elementor-button-link elementor-size-sm\" href=\"https:\/\/mooc.reintegratewellbeing.eu\/pt-pt\/all-courses\/\">\n\t\t\t\t\t\t<span class=\"elementor-button-content-wrapper\">\n\t\t\t\t\t\t<span class=\"elementor-button-icon\">\n\t\t\t\t<svg aria-hidden=\"true\" class=\"e-font-icon-svg e-fas-arrow-right\" viewBox=\"0 0 448 512\" xmlns=\"http:\/\/www.w3.org\/2000\/svg\"><path d=\"M190.5 66.9l22.2-22.2c9.4-9.4 24.6-9.4 33.9 0L441 239c9.4 9.4 9.4 24.6 0 33.9L246.6 467.3c-9.4 9.4-24.6 9.4-33.9 0l-22.2-22.2c-9.5-9.5-9.3-25 .4-34.3L311.4 296H24c-13.3 0-24-10.7-24-24v-32c0-13.3 10.7-24 24-24h287.4L190.9 101.2c-9.8-9.3-10-24.8-.4-34.3z\"><\/path><\/svg>\t\t\t<\/span>\n\t\t\t\t\t\t\t\t\t<span class=\"elementor-button-text\">Ver cursos<\/span>\n\t\t\t\t\t<\/span>\n\t\t\t\t\t<\/a>\n\t\t<\/div>\n\t\t\t\t<\/div>\n\t\t\t\t<\/div>\n\t\t\t\t\t<\/div>\n\t\t<\/div>\n\t\t\t\t\t<\/div>\n\t\t<\/section>\n\t\t\t\t<section class=\"elementor-section elementor-top-section elementor-element elementor-element-adf08ea elementor-section-boxed elementor-section-height-default elementor-section-height-default\" data-id=\"adf08ea\" data-element_type=\"section\">\n\t\t\t\t\t\t<div class=\"elementor-container elementor-column-gap-default\">\n\t\t\t\t\t<div class=\"elementor-column elementor-col-100 elementor-top-column elementor-element elementor-element-c58ca22\" data-id=\"c58ca22\" data-element_type=\"column\">\n\t\t\t<div class=\"elementor-widget-wrap elementor-element-populated\">\n\t\t\t\t\t\t<div class=\"elementor-element elementor-element-02e878d elementor-widget elementor-widget-heading\" data-id=\"02e878d\" data-element_type=\"widget\" data-widget_type=\"heading.default\">\n\t\t\t\t<div class=\"elementor-widget-container\">\n\t\t\t<h2 class=\"elementor-heading-title elementor-size-default\">Parceiros<\/h2>\t\t<\/div>\n\t\t\t\t<\/div>\n\t\t\t\t\t<\/div>\n\t\t<\/div>\n\t\t\t\t\t<\/div>\n\t\t<\/section>\n\t\t\t\t<section class=\"elementor-section elementor-top-section elementor-element elementor-element-6a9562a elementor-section-boxed elementor-section-height-default elementor-section-height-default\" data-id=\"6a9562a\" data-element_type=\"section\">\n\t\t\t\t\t\t<div class=\"elementor-container elementor-column-gap-default\">\n\t\t\t\t\t<div class=\"elementor-column elementor-col-25 elementor-top-column elementor-element elementor-element-6b0a095\" data-id=\"6b0a095\" data-element_type=\"column\">\n\t\t\t<div class=\"elementor-widget-wrap elementor-element-populated\">\n\t\t\t\t\t\t<div class=\"elementor-element elementor-element-3172208 elementor-widget elementor-widget-image\" data-id=\"3172208\" data-element_type=\"widget\" data-widget_type=\"image.default\">\n\t\t\t\t<div class=\"elementor-widget-container\">\n\t\t\t\t\t\t\t\t\t\t\t\t\t<img fetchpriority=\"high\" decoding=\"async\" width=\"850\" height=\"350\" src=\"http:\/\/mooc.reintegratewellbeing.eu\/wp-content\/uploads\/2024\/05\/berlink.jpg\" class=\"attachment-full size-full wp-image-754\" alt=\"\" srcset=\"http:\/\/mooc.reintegratewellbeing.eu\/wp-content\/uploads\/2024\/05\/berlink.jpg 850w, http:\/\/mooc.reintegratewellbeing.eu\/wp-content\/uploads\/2024\/05\/berlink-300x124.jpg 300w, http:\/\/mooc.reintegratewellbeing.eu\/wp-content\/uploads\/2024\/05\/berlink-768x316.jpg 768w\" sizes=\"(max-width: 850px) 100vw, 850px\" \/>\t\t\t\t\t\t\t\t\t\t\t\t\t<\/div>\n\t\t\t\t<\/div>\n\t\t\t\t\t<\/div>\n\t\t<\/div>\n\t\t\t\t<div class=\"elementor-column elementor-col-25 elementor-top-column elementor-element elementor-element-d3d2537\" data-id=\"d3d2537\" data-element_type=\"column\">\n\t\t\t<div class=\"elementor-widget-wrap elementor-element-populated\">\n\t\t\t\t\t\t<div class=\"elementor-element elementor-element-ca68153 elementor-widget elementor-widget-image\" data-id=\"ca68153\" data-element_type=\"widget\" data-widget_type=\"image.default\">\n\t\t\t\t<div class=\"elementor-widget-container\">\n\t\t\t\t\t\t\t\t\t\t\t\t\t<img decoding=\"async\" width=\"850\" height=\"350\" src=\"http:\/\/mooc.reintegratewellbeing.eu\/wp-content\/uploads\/2024\/05\/pfe.jpg\" class=\"attachment-full size-full wp-image-768\" alt=\"\" srcset=\"http:\/\/mooc.reintegratewellbeing.eu\/wp-content\/uploads\/2024\/05\/pfe.jpg 850w, http:\/\/mooc.reintegratewellbeing.eu\/wp-content\/uploads\/2024\/05\/pfe-300x124.jpg 300w, http:\/\/mooc.reintegratewellbeing.eu\/wp-content\/uploads\/2024\/05\/pfe-768x316.jpg 768w\" sizes=\"(max-width: 850px) 100vw, 850px\" \/>\t\t\t\t\t\t\t\t\t\t\t\t\t<\/div>\n\t\t\t\t<\/div>\n\t\t\t\t\t<\/div>\n\t\t<\/div>\n\t\t\t\t<div class=\"elementor-column elementor-col-25 elementor-top-column elementor-element elementor-element-5a98062\" data-id=\"5a98062\" data-element_type=\"column\">\n\t\t\t<div class=\"elementor-widget-wrap elementor-element-populated\">\n\t\t\t\t\t\t<div class=\"elementor-element elementor-element-5f6cb48 elementor-widget elementor-widget-image\" data-id=\"5f6cb48\" data-element_type=\"widget\" data-widget_type=\"image.default\">\n\t\t\t\t<div class=\"elementor-widget-container\">\n\t\t\t\t\t\t\t\t\t\t\t\t\t<img decoding=\"async\" width=\"850\" height=\"350\" src=\"http:\/\/mooc.reintegratewellbeing.eu\/wp-content\/uploads\/2024\/05\/squaredot.jpg\" class=\"attachment-full size-full wp-image-782\" alt=\"\" srcset=\"http:\/\/mooc.reintegratewellbeing.eu\/wp-content\/uploads\/2024\/05\/squaredot.jpg 850w, http:\/\/mooc.reintegratewellbeing.eu\/wp-content\/uploads\/2024\/05\/squaredot-300x124.jpg 300w, http:\/\/mooc.reintegratewellbeing.eu\/wp-content\/uploads\/2024\/05\/squaredot-768x316.jpg 768w\" sizes=\"(max-width: 850px) 100vw, 850px\" \/>\t\t\t\t\t\t\t\t\t\t\t\t\t<\/div>\n\t\t\t\t<\/div>\n\t\t\t\t\t<\/div>\n\t\t<\/div>\n\t\t\t\t<div class=\"elementor-column elementor-col-25 elementor-top-column elementor-element elementor-element-3dbb262\" data-id=\"3dbb262\" data-element_type=\"column\">\n\t\t\t<div class=\"elementor-widget-wrap elementor-element-populated\">\n\t\t\t\t\t\t<div class=\"elementor-element elementor-element-636d226 elementor-widget elementor-widget-image\" data-id=\"636d226\" data-element_type=\"widget\" data-widget_type=\"image.default\">\n\t\t\t\t<div class=\"elementor-widget-container\">\n\t\t\t\t\t\t\t\t\t\t\t\t\t<img loading=\"lazy\" decoding=\"async\" width=\"850\" height=\"350\" src=\"http:\/\/mooc.reintegratewellbeing.eu\/wp-content\/uploads\/2024\/05\/impacthub.jpg\" class=\"attachment-full size-full wp-image-761\" alt=\"\" srcset=\"http:\/\/mooc.reintegratewellbeing.eu\/wp-content\/uploads\/2024\/05\/impacthub.jpg 850w, http:\/\/mooc.reintegratewellbeing.eu\/wp-content\/uploads\/2024\/05\/impacthub-300x124.jpg 300w, http:\/\/mooc.reintegratewellbeing.eu\/wp-content\/uploads\/2024\/05\/impacthub-768x316.jpg 768w\" sizes=\"(max-width: 850px) 100vw, 850px\" \/>\t\t\t\t\t\t\t\t\t\t\t\t\t<\/div>\n\t\t\t\t<\/div>\n\t\t\t\t\t<\/div>\n\t\t<\/div>\n\t\t\t\t\t<\/div>\n\t\t<\/section>\n\t\t\t\t<section class=\"elementor-section elementor-top-section elementor-element elementor-element-a6769f6 elementor-section-boxed elementor-section-height-default elementor-section-height-default\" data-id=\"a6769f6\" data-element_type=\"section\">\n\t\t\t\t\t\t<div class=\"elementor-container elementor-column-gap-default\">\n\t\t\t\t\t<div class=\"elementor-column elementor-col-25 elementor-top-column elementor-element elementor-element-83996ca\" data-id=\"83996ca\" data-element_type=\"column\">\n\t\t\t<div class=\"elementor-widget-wrap elementor-element-populated\">\n\t\t\t\t\t\t<div class=\"elementor-element elementor-element-87b6a54 elementor-widget elementor-widget-image\" data-id=\"87b6a54\" data-element_type=\"widget\" data-widget_type=\"image.default\">\n\t\t\t\t<div class=\"elementor-widget-container\">\n\t\t\t\t\t\t\t\t\t\t\t\t\t<img loading=\"lazy\" decoding=\"async\" width=\"850\" height=\"350\" src=\"http:\/\/mooc.reintegratewellbeing.eu\/wp-content\/uploads\/2024\/05\/vaev.jpg\" class=\"attachment-full size-full wp-image-789\" alt=\"\" srcset=\"http:\/\/mooc.reintegratewellbeing.eu\/wp-content\/uploads\/2024\/05\/vaev.jpg 850w, http:\/\/mooc.reintegratewellbeing.eu\/wp-content\/uploads\/2024\/05\/vaev-300x124.jpg 300w, http:\/\/mooc.reintegratewellbeing.eu\/wp-content\/uploads\/2024\/05\/vaev-768x316.jpg 768w\" sizes=\"(max-width: 850px) 100vw, 850px\" \/>\t\t\t\t\t\t\t\t\t\t\t\t\t<\/div>\n\t\t\t\t<\/div>\n\t\t\t\t\t<\/div>\n\t\t<\/div>\n\t\t\t\t<div class=\"elementor-column elementor-col-25 elementor-top-column elementor-element elementor-element-ca7feb9\" data-id=\"ca7feb9\" data-element_type=\"column\">\n\t\t\t<div class=\"elementor-widget-wrap elementor-element-populated\">\n\t\t\t\t\t\t<div class=\"elementor-element elementor-element-3fbaf2e elementor-widget elementor-widget-image\" data-id=\"3fbaf2e\" data-element_type=\"widget\" data-widget_type=\"image.default\">\n\t\t\t\t<div class=\"elementor-widget-container\">\n\t\t\t\t\t\t\t\t\t\t\t\t\t<img loading=\"lazy\" decoding=\"async\" width=\"850\" height=\"350\" src=\"http:\/\/mooc.reintegratewellbeing.eu\/wp-content\/uploads\/2024\/05\/rc.jpg\" class=\"attachment-full size-full wp-image-775\" alt=\"\" srcset=\"http:\/\/mooc.reintegratewellbeing.eu\/wp-content\/uploads\/2024\/05\/rc.jpg 850w, http:\/\/mooc.reintegratewellbeing.eu\/wp-content\/uploads\/2024\/05\/rc-300x124.jpg 300w, http:\/\/mooc.reintegratewellbeing.eu\/wp-content\/uploads\/2024\/05\/rc-768x316.jpg 768w\" sizes=\"(max-width: 850px) 100vw, 850px\" \/>\t\t\t\t\t\t\t\t\t\t\t\t\t<\/div>\n\t\t\t\t<\/div>\n\t\t\t\t\t<\/div>\n\t\t<\/div>\n\t\t\t\t<div class=\"elementor-column elementor-col-25 elementor-top-column elementor-element elementor-element-e5cde22\" data-id=\"e5cde22\" data-element_type=\"column\">\n\t\t\t<div class=\"elementor-widget-wrap elementor-element-populated\">\n\t\t\t\t\t\t<div class=\"elementor-element elementor-element-73f5ab5 elementor-widget elementor-widget-image\" data-id=\"73f5ab5\" data-element_type=\"widget\" data-widget_type=\"image.default\">\n\t\t\t\t<div class=\"elementor-widget-container\">\n\t\t\t\t\t\t\t\t\t\t\t\t\t<img loading=\"lazy\" decoding=\"async\" width=\"850\" height=\"350\" src=\"http:\/\/mooc.reintegratewellbeing.eu\/wp-content\/uploads\/2024\/05\/axonforce.jpg\" class=\"attachment-full size-full wp-image-747\" alt=\"\" srcset=\"http:\/\/mooc.reintegratewellbeing.eu\/wp-content\/uploads\/2024\/05\/axonforce.jpg 850w, http:\/\/mooc.reintegratewellbeing.eu\/wp-content\/uploads\/2024\/05\/axonforce-300x124.jpg 300w, http:\/\/mooc.reintegratewellbeing.eu\/wp-content\/uploads\/2024\/05\/axonforce-768x316.jpg 768w\" sizes=\"(max-width: 850px) 100vw, 850px\" \/>\t\t\t\t\t\t\t\t\t\t\t\t\t<\/div>\n\t\t\t\t<\/div>\n\t\t\t\t\t<\/div>\n\t\t<\/div>\n\t\t\t\t<div class=\"elementor-column elementor-col-25 elementor-top-column elementor-element elementor-element-f7f83cc\" data-id=\"f7f83cc\" data-element_type=\"column\">\n\t\t\t<div class=\"elementor-widget-wrap\">\n\t\t\t\t\t\t\t<\/div>\n\t\t<\/div>\n\t\t\t\t\t<\/div>\n\t\t<\/section>\n\t\t\t\t<\/div>\n\t\t","protected":false},"excerpt":{"rendered":"<p>Bem-vindo Bem-vindo \u00e0 Plataforma MOOC do Projeto KA2 Reintegrar o Bem-Estar, cofinanciado pela Uni\u00e3o Europeia. Aqui encontrar\u00e1 um conjunto de [&hellip;]<\/p>\n","protected":false},"author":2,"featured_media":0,"parent":0,"menu_order":0,"comment_status":"closed","ping_status":"closed","template":"","meta":{"footnotes":""},"_links":{"self":[{"href":"http:\/\/mooc.reintegratewellbeing.eu\/pt-pt\/wp-json\/wp\/v2\/pages\/2124"}],"collection":[{"href":"http:\/\/mooc.reintegratewellbeing.eu\/pt-pt\/wp-json\/wp\/v2\/pages"}],"about":[{"href":"http:\/\/mooc.reintegratewellbeing.eu\/pt-pt\/wp-json\/wp\/v2\/types\/page"}],"author":[{"embeddable":true,"href":"http:\/\/mooc.reintegratewellbeing.eu\/pt-pt\/wp-json\/wp\/v2\/users\/2"}],"replies":[{"embeddable":true,"href":"http:\/\/mooc.reintegratewellbeing.eu\/pt-pt\/wp-json\/wp\/v2\/comments?post=2124"}],"version-history":[{"count":7,"href":"http:\/\/mooc.reintegratewellbeing.eu\/pt-pt\/wp-json\/wp\/v2\/pages\/2124\/revisions"}],"predecessor-version":[{"id":2131,"href":"http:\/\/mooc.reintegratewellbeing.eu\/pt-pt\/wp-json\/wp\/v2\/pages\/2124\/revisions\/2131"}],"wp:attachment":[{"href":"http:\/\/mooc.reintegratewellbeing.eu\/pt-pt\/wp-json\/wp\/v2\/media?parent=2124"}],"curies":[{"name":"wp","href":"https:\/\/api.w.org\/{rel}","templated":true}]}}