{"id":1881,"date":"2024-05-08T19:04:03","date_gmt":"2024-05-08T19:04:03","guid":{"rendered":"https:\/\/mooc.reintegratewellbeing.eu\/all-courses\/"},"modified":"2024-07-29T05:57:55","modified_gmt":"2024-07-29T05:57:55","slug":"all-courses","status":"publish","type":"page","link":"http:\/\/mooc.reintegratewellbeing.eu\/fr\/all-courses\/","title":{"rendered":"Cours"},"content":{"rendered":"\t\t<div data-elementor-type=\"wp-page\" data-elementor-id=\"1881\" class=\"elementor elementor-1881 elementor-691\" data-elementor-post-type=\"page\">\n\t\t\t\t\t\t<section class=\"elementor-section elementor-top-section elementor-element elementor-element-bf7fcea elementor-section-boxed elementor-section-height-default elementor-section-height-default\" data-id=\"bf7fcea\" data-element_type=\"section\">\n\t\t\t\t\t\t<div class=\"elementor-container elementor-column-gap-default\">\n\t\t\t\t\t<div class=\"elementor-column elementor-col-100 elementor-top-column elementor-element elementor-element-383111d\" data-id=\"383111d\" data-element_type=\"column\">\n\t\t\t<div class=\"elementor-widget-wrap elementor-element-populated\">\n\t\t\t\t\t\t<div class=\"elementor-element elementor-element-c2c89be elementor-widget elementor-widget-learnpress_list_courses\" data-id=\"c2c89be\" data-element_type=\"widget\" data-widget_type=\"learnpress_list_courses.default\">\n\t\t\t\t<div class=\"elementor-widget-container\">\n\t\t\t\t\t\t<div class=\"lp-archive-courses\">\r\n\t\t\t\t<ul class=\"learn-press-courses lp-list-courses-no-css\" data-layout=\"list\"\r\n\t\t\t\t\tdata-size=\"10\">\r\n\t\t\t\t\t<li class=\"course\"><div class=\"course-item\" data-id=\"1811\"><div class=\"course-thumbnail\"><a href=\"http:\/\/mooc.reintegratewellbeing.eu\/fr\/courses\/module-1-exprimer-lepuisement-01-professionnel\/\"><div class=\"course-img\"><img decoding=\"async\" src=\"http:\/\/mooc.reintegratewellbeing.eu\/wp-content\/uploads\/2024\/05\/9340-500x300.jpg\" alt=\"Miniature du cours\"><\/div><\/a><\/div><div class=\"course-content\"><h3 class=\"wap-course-title\"><a class=\"course-permalink\" href=\"http:\/\/mooc.reintegratewellbeing.eu\/fr\/courses\/module-1-exprimer-lepuisement-01-professionnel\/\"><span class='course-title'>Module 1 : Comprendre le Burnout<\/span><\/a><\/h3><div class=\"course-instructor-category\"><div><label>by<\/label> <div class=\"course-instructor\"><a href=\"http:\/\/mooc.reintegratewellbeing.eu\/mentor\/admin-2\/\"  > <span class=\"instructor-display-name\">admin<\/span><\/a><\/div><\/div><\/div><div class=\"course-wrap-meta\"><div class=\"meta-item meta-item-duration\"><span class=\"course-duration\">Dur\u00e9e de vie<\/span><\/div><div class=\"meta-item meta-item-level\"><span class=\"course-level\">Tous niveaux<\/span><\/div><div class=\"meta-item meta-item-lesson\"><div class=\"course-count-item lp_lesson\">3 Le\u00e7ons<\/div><\/div><div class=\"meta-item meta-item-quiz\"><div class=\"course-count-item lp_quiz\">0 Quiz<\/div><\/div><div class=\"meta-item meta-item-student\"><div class=\"course-count-student\">0 Etudiants<\/div><\/div><\/div><p class=\"course-short-description\">Ce module offre un aper\u00e7u complet du burnout en explorant ses causes, ses sympt\u00f4mes et les strat\u00e9gies pour y faire [&hellip;]<\/p><div class=\"course-info\"><span class=\"course-price\"><span class=\"course-item-price\"><span class=\"free\">Gratuit<\/span><\/span><\/span><div class=\"course-readmore\"><a href=\"http:\/\/mooc.reintegratewellbeing.eu\/fr\/courses\/module-1-exprimer-lepuisement-01-professionnel\/\">Read more<\/a><\/div><\/div><\/div><\/div><\/li><li class=\"course\"><div class=\"course-item\" data-id=\"1838\"><div class=\"course-thumbnail\"><a href=\"http:\/\/mooc.reintegratewellbeing.eu\/fr\/courses\/module-2-retrouver-la-motivation-et-lestime-de-soi-apres-un-burn-out\/\"><div class=\"course-img\"><img decoding=\"async\" src=\"http:\/\/mooc.reintegratewellbeing.eu\/wp-content\/uploads\/2024\/06\/363-500x300.jpg\" alt=\"Miniature du cours\"><\/div><\/a><\/div><div class=\"course-content\"><h3 class=\"wap-course-title\"><a class=\"course-permalink\" href=\"http:\/\/mooc.reintegratewellbeing.eu\/fr\/courses\/module-2-retrouver-la-motivation-et-lestime-de-soi-apres-un-burn-out\/\"><span class='course-title'>Module 2 : La Route vers la Sant\u00e9 Mentale et le Bien-\u00eatre<\/span><\/a><\/h3><div class=\"course-instructor-category\"><div><label>by<\/label> <div class=\"course-instructor\"><a href=\"http:\/\/mooc.reintegratewellbeing.eu\/mentor\/admin-2\/\"  > <span class=\"instructor-display-name\">admin<\/span><\/a><\/div><\/div><\/div><div class=\"course-wrap-meta\"><div class=\"meta-item meta-item-duration\"><span class=\"course-duration\">Dur\u00e9e de vie<\/span><\/div><div class=\"meta-item meta-item-level\"><span class=\"course-level\">Tous niveaux<\/span><\/div><div class=\"meta-item meta-item-lesson\"><div class=\"course-count-item lp_lesson\">3 Le\u00e7ons<\/div><\/div><div class=\"meta-item meta-item-quiz\"><div class=\"course-count-item lp_quiz\">0 Quiz<\/div><\/div><div class=\"meta-item meta-item-student\"><div class=\"course-count-student\">0 Etudiants<\/div><\/div><\/div><p class=\"course-short-description\">Ce module est con\u00e7u pour vous guider sur le chemin de la r\u00e9cup\u00e9ration du burnout et pour retrouver votre force. [&hellip;]<\/p><div class=\"course-info\"><span class=\"course-price\"><span class=\"course-item-price\"><span class=\"free\">Gratuit<\/span><\/span><\/span><div class=\"course-readmore\"><a href=\"http:\/\/mooc.reintegratewellbeing.eu\/fr\/courses\/module-2-retrouver-la-motivation-et-lestime-de-soi-apres-un-burn-out\/\">Read more<\/a><\/div><\/div><\/div><\/div><\/li><li class=\"course\"><div class=\"course-item\" data-id=\"1847\"><div class=\"course-thumbnail\"><a href=\"http:\/\/mooc.reintegratewellbeing.eu\/fr\/courses\/module-3-competences-generales-4-autonomisation\/\"><div class=\"course-img\"><img decoding=\"async\" src=\"http:\/\/mooc.reintegratewellbeing.eu\/wp-content\/uploads\/2024\/06\/2147993426-500x300.jpg\" alt=\"Miniature du cours\"><\/div><\/a><\/div><div class=\"course-content\"><h3 class=\"wap-course-title\"><a class=\"course-permalink\" href=\"http:\/\/mooc.reintegratewellbeing.eu\/fr\/courses\/module-3-competences-generales-4-autonomisation\/\"><span class='course-title'>Module 3 : Comp\u00e9tences Douces pour l&rsquo;Autonomisation<\/span><\/a><\/h3><div class=\"course-instructor-category\"><div><label>by<\/label> <div class=\"course-instructor\"><a href=\"http:\/\/mooc.reintegratewellbeing.eu\/mentor\/admin-2\/\"  > <span class=\"instructor-display-name\">admin<\/span><\/a><\/div><\/div><\/div><div class=\"course-wrap-meta\"><div class=\"meta-item meta-item-duration\"><span class=\"course-duration\">Dur\u00e9e de vie<\/span><\/div><div class=\"meta-item meta-item-level\"><span class=\"course-level\">Tous niveaux<\/span><\/div><div class=\"meta-item meta-item-lesson\"><div class=\"course-count-item lp_lesson\">3 Le\u00e7ons<\/div><\/div><div class=\"meta-item meta-item-quiz\"><div class=\"course-count-item lp_quiz\">0 Quiz<\/div><\/div><div class=\"meta-item meta-item-student\"><div class=\"course-count-student\">0 Etudiants<\/div><\/div><\/div><p class=\"course-short-description\">Ce module a \u00e9t\u00e9 cr\u00e9\u00e9 pour vous accompagner dans l&rsquo;apprentissage des comp\u00e9tences transversales pour l&rsquo;autonomisation. Vous trouverez trois sessions de [&hellip;]<\/p><div class=\"course-info\"><span class=\"course-price\"><span class=\"course-item-price\"><span class=\"free\">Gratuit<\/span><\/span><\/span><div class=\"course-readmore\"><a href=\"http:\/\/mooc.reintegratewellbeing.eu\/fr\/courses\/module-3-competences-generales-4-autonomisation\/\">Read more<\/a><\/div><\/div><\/div><\/div><\/li><li class=\"course\"><div class=\"course-item\" data-id=\"1855\"><div class=\"course-thumbnail\"><a href=\"http:\/\/mooc.reintegratewellbeing.eu\/fr\/courses\/module-4-limportance-du-bien-etre-en-milieu-professionnel\/\"><div class=\"course-img\"><img decoding=\"async\" src=\"http:\/\/mooc.reintegratewellbeing.eu\/wp-content\/uploads\/2024\/07\/15861-500x300.jpg\" alt=\"Miniature du cours\"><\/div><\/a><\/div><div class=\"course-content\"><h3 class=\"wap-course-title\"><a class=\"course-permalink\" href=\"http:\/\/mooc.reintegratewellbeing.eu\/fr\/courses\/module-4-limportance-du-bien-etre-en-milieu-professionnel\/\"><span class='course-title'>Module 4 : L&rsquo;Importance du Bien-\u00eatre au Travail<\/span><\/a><\/h3><div class=\"course-instructor-category\"><div><label>by<\/label> <div class=\"course-instructor\"><a href=\"http:\/\/mooc.reintegratewellbeing.eu\/mentor\/admin-2\/\"  > <span class=\"instructor-display-name\">admin<\/span><\/a><\/div><\/div><\/div><div class=\"course-wrap-meta\"><div class=\"meta-item meta-item-duration\"><span class=\"course-duration\">Dur\u00e9e de vie<\/span><\/div><div class=\"meta-item meta-item-level\"><span class=\"course-level\">Tous niveaux<\/span><\/div><div class=\"meta-item meta-item-lesson\"><div class=\"course-count-item lp_lesson\">3 Le\u00e7ons<\/div><\/div><div class=\"meta-item meta-item-quiz\"><div class=\"course-count-item lp_quiz\">0 Quiz<\/div><\/div><div class=\"meta-item meta-item-student\"><div class=\"course-count-student\">0 Etudiants<\/div><\/div><\/div><p class=\"course-short-description\">Ce module se concentre sur l&rsquo;importance du bien-\u00eatre au travail en explorant les strat\u00e9gies pour promouvoir la sant\u00e9 mentale et [&hellip;]<\/p><div class=\"course-info\"><span class=\"course-price\"><span class=\"course-item-price\"><span class=\"free\">Gratuit<\/span><\/span><\/span><div class=\"course-readmore\"><a href=\"http:\/\/mooc.reintegratewellbeing.eu\/fr\/courses\/module-4-limportance-du-bien-etre-en-milieu-professionnel\/\">Read more<\/a><\/div><\/div><\/div><\/div><\/li>\t\t\t\t<\/ul>\r\n\t\t\t<\/div>\r\n\t\t\t\t\t<\/div>\n\t\t\t\t<\/div>\n\t\t\t\t\t<\/div>\n\t\t<\/div>\n\t\t\t\t\t<\/div>\n\t\t<\/section>\n\t\t\t\t<\/div>\n\t\t","protected":false},"excerpt":{"rendered":"<p>adminModule 1: Exprimer l\u2019\u00e9puisement 01 professionnelLifetimeAll levels3 Lessons0 Quizzes0 Students FreeRead more adminModule 2: Retrouver la motivation et l\u2019estime de [&hellip;]<\/p>\n","protected":false},"author":2,"featured_media":0,"parent":0,"menu_order":0,"comment_status":"closed","ping_status":"closed","template":"","meta":{"footnotes":""},"_links":{"self":[{"href":"http:\/\/mooc.reintegratewellbeing.eu\/fr\/wp-json\/wp\/v2\/pages\/1881"}],"collection":[{"href":"http:\/\/mooc.reintegratewellbeing.eu\/fr\/wp-json\/wp\/v2\/pages"}],"about":[{"href":"http:\/\/mooc.reintegratewellbeing.eu\/fr\/wp-json\/wp\/v2\/types\/page"}],"author":[{"embeddable":true,"href":"http:\/\/mooc.reintegratewellbeing.eu\/fr\/wp-json\/wp\/v2\/users\/2"}],"replies":[{"embeddable":true,"href":"http:\/\/mooc.reintegratewellbeing.eu\/fr\/wp-json\/wp\/v2\/comments?post=1881"}],"version-history":[{"count":4,"href":"http:\/\/mooc.reintegratewellbeing.eu\/fr\/wp-json\/wp\/v2\/pages\/1881\/revisions"}],"predecessor-version":[{"id":1885,"href":"http:\/\/mooc.reintegratewellbeing.eu\/fr\/wp-json\/wp\/v2\/pages\/1881\/revisions\/1885"}],"wp:attachment":[{"href":"http:\/\/mooc.reintegratewellbeing.eu\/fr\/wp-json\/wp\/v2\/media?parent=1881"}],"curies":[{"name":"wp","href":"https:\/\/api.w.org\/{rel}","templated":true}]}}